{"id":185,"date":"2024-10-11T12:00:00","date_gmt":"2024-10-11T10:00:00","guid":{"rendered":"https:\/\/spzpitpw.pl\/?page_id=185"},"modified":"2025-08-02T13:33:46","modified_gmt":"2025-08-02T11:33:46","slug":"zarzad","status":"publish","type":"page","link":"https:\/\/spzpitpw.pl\/index.php\/zarzad","title":{"rendered":"Zarz\u0105d Stowarzyszenia"},"content":{"rendered":"<div class=\"gb-container gb-container-5a20b115\">\n<div class=\"gb-container gb-container-9c252073\">\n<div class=\"gb-grid-wrapper gb-grid-wrapper-ae0d5c2f\">\n<div class=\"gb-grid-column gb-grid-column-8e395f38\"><div class=\"gb-container gb-container-8e395f38\">\n\n<figure class=\"gb-block-image gb-block-image-b0313bcc\"><img loading=\"lazy\" decoding=\"async\" width=\"520\" height=\"520\" class=\"gb-image gb-image-b0313bcc\" src=\"https:\/\/cdn.ldev.pl\/spzpitpw.pl\/uploads\/2025\/05\/zdj_piotr_lapinski.jpg\" alt=\"Piotr \u0141api\u0144ski - portret\" title=\"Piotr \u0141api\u0144ski - portret\" srcset=\"https:\/\/cdn.ldev.pl\/spzpitpw.pl\/uploads\/2025\/05\/zdj_piotr_lapinski.jpg 520w, https:\/\/cdn.ldev.pl\/spzpitpw.pl\/uploads\/2025\/05\/zdj_piotr_lapinski-500x500.jpg 500w, https:\/\/cdn.ldev.pl\/spzpitpw.pl\/uploads\/2025\/05\/zdj_piotr_lapinski-150x150.jpg 150w\" sizes=\"auto, (max-width: 520px) 100vw, 520px\" \/><\/figure>\n\n\n\n<div class=\"gb-headline gb-headline-531af6f7 gb-headline-text\">Piotr \u0141api\u0144ski<\/div>\n\n\n\n<div class=\"gb-headline gb-headline-441db0d3 gb-headline-text\">Prezes zarz\u0105du<\/div>\n\n\n\n<div class=\"gb-headline gb-headline-c2952066 gb-headline-text\">w Stowarzyszeniu od 2017 r.<\/div>\n\n\n\n<p class=\"gb-headline gb-headline-2f1c0527 gb-headline-text\">\ud83d\udce7 <em>piotr.lapinski@spzpitpw.pl<\/em><\/p>\n\n<\/div><\/div>\n\n<div class=\"gb-grid-column gb-grid-column-a3740328\"><div class=\"gb-container gb-container-a3740328\">\n\n<figure class=\"gb-block-image gb-block-image-e08ea039\"><img loading=\"lazy\" decoding=\"async\" width=\"1368\" height=\"1368\" class=\"gb-image gb-image-e08ea039\" src=\"https:\/\/cdn.ldev.pl\/spzpitpw.pl\/uploads\/2025\/05\/zdj_joanna_szczepanska.jpg\" alt=\"Joanna Szczepa\u0144ska - portret\" title=\"Joanna Szczepa\u0144ska - portret\" srcset=\"https:\/\/cdn.ldev.pl\/spzpitpw.pl\/uploads\/2025\/05\/zdj_joanna_szczepanska.jpg 1368w, https:\/\/cdn.ldev.pl\/spzpitpw.pl\/uploads\/2025\/05\/zdj_joanna_szczepanska-500x500.jpg 500w, https:\/\/cdn.ldev.pl\/spzpitpw.pl\/uploads\/2025\/05\/zdj_joanna_szczepanska-150x150.jpg 150w, https:\/\/cdn.ldev.pl\/spzpitpw.pl\/uploads\/2025\/05\/zdj_joanna_szczepanska-768x768.jpg 768w\" sizes=\"auto, (max-width: 1368px) 100vw, 1368px\" \/><\/figure>\n\n\n\n<div class=\"gb-headline gb-headline-1f2a5d95 gb-headline-text\">Joanna Szczepa\u0144ska<\/div>\n\n\n\n<div class=\"gb-headline gb-headline-446c5af8 gb-headline-text\">Cz\u0142onek zarz\u0105du<\/div>\n\n\n\n<div class=\"gb-headline gb-headline-5ea5022e gb-headline-text\">w Stowarzyszeniu od 2011 r.<\/div>\n\n\n\n<p class=\"gb-headline gb-headline-694a17f7 gb-headline-text\">\ud83d\udce7 <em>j.szczepanska@spzpitpw.pl<\/em><\/p>\n\n<\/div><\/div>\n\n<div class=\"gb-grid-column gb-grid-column-9e8a4a03\"><div class=\"gb-container gb-container-9e8a4a03\">\n\n<figure class=\"gb-block-image gb-block-image-ea597dde\"><img loading=\"lazy\" decoding=\"async\" width=\"1200\" height=\"1200\" class=\"gb-image gb-image-ea597dde\" src=\"https:\/\/cdn.ldev.pl\/spzpitpw.pl\/uploads\/2025\/05\/zdj_elzbieta_czerwinska.jpg\" alt=\"El\u017cbieta Czerwi\u0144ska - portret\" title=\"El\u017cbieta Czerwi\u0144ska - portret\" srcset=\"https:\/\/cdn.ldev.pl\/spzpitpw.pl\/uploads\/2025\/05\/zdj_elzbieta_czerwinska.jpg 1200w, https:\/\/cdn.ldev.pl\/spzpitpw.pl\/uploads\/2025\/05\/zdj_elzbieta_czerwinska-500x500.jpg 500w, https:\/\/cdn.ldev.pl\/spzpitpw.pl\/uploads\/2025\/05\/zdj_elzbieta_czerwinska-150x150.jpg 150w, https:\/\/cdn.ldev.pl\/spzpitpw.pl\/uploads\/2025\/05\/zdj_elzbieta_czerwinska-768x768.jpg 768w\" sizes=\"auto, (max-width: 1200px) 100vw, 1200px\" \/><\/figure>\n\n\n\n<div class=\"gb-headline gb-headline-642e5016 gb-headline-text\">El\u017cbieta Czerwi\u0144ska<\/div>\n\n\n\n<div class=\"gb-headline gb-headline-bcd686c3 gb-headline-text\">Cz\u0142onek zarz\u0105du<\/div>\n\n\n\n<div class=\"gb-headline gb-headline-9b720305 gb-headline-text\">w Stowarzyszeniu od 2011 r.<\/div>\n\n\n\n<p class=\"gb-headline gb-headline-bda1d919 gb-headline-text\">\ud83d\udce7 <em>kierelcia@gmail.com<\/em><\/p>\n\n<\/div><\/div>\n\n<div class=\"gb-grid-column gb-grid-column-f734676e\"><div class=\"gb-container gb-container-f734676e\">\n\n<figure class=\"gb-block-image gb-block-image-5fa6e910\"><img loading=\"lazy\" decoding=\"async\" width=\"1368\" height=\"1368\" class=\"gb-image gb-image-5fa6e910\" src=\"https:\/\/cdn.ldev.pl\/spzpitpw.pl\/uploads\/2025\/08\/zdj_jacek_puchalski.jpg\" alt=\"Jacek Puchalski - portret\" title=\"Jacek Puchalski - portret\" srcset=\"https:\/\/cdn.ldev.pl\/spzpitpw.pl\/uploads\/2025\/08\/zdj_jacek_puchalski.jpg 1368w, https:\/\/cdn.ldev.pl\/spzpitpw.pl\/uploads\/2025\/08\/zdj_jacek_puchalski-500x500.jpg 500w, https:\/\/cdn.ldev.pl\/spzpitpw.pl\/uploads\/2025\/08\/zdj_jacek_puchalski-150x150.jpg 150w, https:\/\/cdn.ldev.pl\/spzpitpw.pl\/uploads\/2025\/08\/zdj_jacek_puchalski-768x768.jpg 768w\" sizes=\"auto, (max-width: 1368px) 100vw, 1368px\" \/><\/figure>\n\n\n\n<div class=\"gb-headline gb-headline-4708cd30 gb-headline-text\">Jacek Puchalski<\/div>\n\n\n\n<div class=\"gb-headline gb-headline-508eb2ec gb-headline-text\">Cz\u0142onek zarz\u0105du<\/div>\n\n\n\n<div class=\"gb-headline gb-headline-281a9ac5 gb-headline-text\">w Stowarzyszeniu od 2011 r.<\/div>\n\n\n\n<p class=\"gb-headline gb-headline-8789925b gb-headline-text\">\ud83d\udce7 <em>ja.puchalski@gmail.com<\/em><\/p>\n\n<\/div><\/div>\n\n<div class=\"gb-grid-column gb-grid-column-9c69c43f\"><div class=\"gb-container gb-container-9c69c43f\">\n\n<figure class=\"gb-block-image gb-block-image-79378ca8\"><img loading=\"lazy\" decoding=\"async\" width=\"1273\" height=\"1273\" class=\"gb-image gb-image-79378ca8\" src=\"https:\/\/cdn.ldev.pl\/spzpitpw.pl\/uploads\/2025\/05\/zdj_janusz_chojecki.jpg\" alt=\"Janusz Chojecki - portret\" title=\"Janusz Chojecki - portret\" srcset=\"https:\/\/cdn.ldev.pl\/spzpitpw.pl\/uploads\/2025\/05\/zdj_janusz_chojecki.jpg 1273w, https:\/\/cdn.ldev.pl\/spzpitpw.pl\/uploads\/2025\/05\/zdj_janusz_chojecki-500x500.jpg 500w, https:\/\/cdn.ldev.pl\/spzpitpw.pl\/uploads\/2025\/05\/zdj_janusz_chojecki-150x150.jpg 150w, https:\/\/cdn.ldev.pl\/spzpitpw.pl\/uploads\/2025\/05\/zdj_janusz_chojecki-768x768.jpg 768w\" sizes=\"auto, (max-width: 1273px) 100vw, 1273px\" \/><\/figure>\n\n\n\n<div class=\"gb-headline gb-headline-f21d9753 gb-headline-text\">Janusz Chojecki<\/div>\n\n\n\n<div class=\"gb-headline gb-headline-8bf46abd gb-headline-text\">Cz\u0142onek zarz\u0105du<\/div>\n\n\n\n<div class=\"gb-headline gb-headline-5e2ecb04 gb-headline-text\">w Stowarzyszeniu od 2011 r.<\/div>\n\n\n\n<p class=\"gb-headline gb-headline-3b2e1859 gb-headline-text\">\ud83d\udce7 <em>janusz.chojecki@spzpitpw.pl<\/em><\/p>\n\n<\/div><\/div>\n<\/div>\n<\/div>\n<\/div>\n\n\n<p>Bie\u017c\u0105cy Zarz\u0105d zosta\u0142 wybrany przez Zwyczajne Walne Zebranie Cz\u0142onk\u00f3w <strong>26 czerwca 2025<\/strong>\u00a0<strong>r.<\/strong><\/p>\n\n\n\n<p><\/p>\n","protected":false},"excerpt":{"rendered":"<p>Bie\u017c\u0105cy Zarz\u0105d zosta\u0142 wybrany przez Zwyczajne Walne Zebranie Cz\u0142onk\u00f3w 26 czerwca 2025\u00a0r.<\/p>\n","protected":false},"author":1,"featured_media":0,"parent":0,"menu_order":2,"comment_status":"closed","ping_status":"closed","template":"","meta":{"footnotes":""},"class_list":["post-185","page","type-page","status-publish"],"_links":{"self":[{"href":"https:\/\/spzpitpw.pl\/index.php\/wp-json\/wp\/v2\/pages\/185","targetHints":{"allow":["GET"]}}],"collection":[{"href":"https:\/\/spzpitpw.pl\/index.php\/wp-json\/wp\/v2\/pages"}],"about":[{"href":"https:\/\/spzpitpw.pl\/index.php\/wp-json\/wp\/v2\/types\/page"}],"author":[{"embeddable":true,"href":"https:\/\/spzpitpw.pl\/index.php\/wp-json\/wp\/v2\/users\/1"}],"replies":[{"embeddable":true,"href":"https:\/\/spzpitpw.pl\/index.php\/wp-json\/wp\/v2\/comments?post=185"}],"version-history":[{"count":2,"href":"https:\/\/spzpitpw.pl\/index.php\/wp-json\/wp\/v2\/pages\/185\/revisions"}],"predecessor-version":[{"id":3515,"href":"https:\/\/spzpitpw.pl\/index.php\/wp-json\/wp\/v2\/pages\/185\/revisions\/3515"}],"wp:attachment":[{"href":"https:\/\/spzpitpw.pl\/index.php\/wp-json\/wp\/v2\/media?parent=185"}],"curies":[{"name":"wp","href":"https:\/\/api.w.org\/{rel}","templated":true}]}}