{"id":22,"date":"2024-10-21T16:13:21","date_gmt":"2024-10-21T14:13:21","guid":{"rendered":"https:\/\/spzpitpw.pl\/?page_id=22"},"modified":"2025-08-12T12:58:22","modified_gmt":"2025-08-12T10:58:22","slug":"statut","status":"publish","type":"page","link":"https:\/\/spzpitpw.pl\/index.php\/statut","title":{"rendered":"Statut Stowarzyszenia"},"content":{"rendered":"\n<details class=\"wp-block-details is-layout-flow wp-block-details-is-layout-flow\"><summary>Tekst jednolity<\/summary>\n<p>Uwzgl\u0119dnia zmiany&nbsp;wprowadzone:<\/p>\n\n\n\n<ul class=\"wp-block-list\">\n<li>uchwa\u0142\u0105 nr 3\/06\/2011 Nadzwyczajnego Walnego Zgromadzenia z&nbsp;dnia 2 czerwca 2011 r.<\/li>\n\n\n\n<li>uchwa\u0142\u0105 nr 1\/2013 Walnego Zebrania z dnia 13 czerwca 2013 r.<\/li>\n\n\n\n<li>uchwa\u0142\u0105 nr 5\/2025 Walnego Zebrania z dnia 16 czerwca 2025 r.<\/li>\n<\/ul>\n<\/details>\n\n\n\n<h3 class=\"wp-block-heading\">Postanowienia og\u00f3lne<\/h3>\n\n\n\n<h5 class=\"wp-block-heading\">\u00a7 1.<\/h5>\n\n\n\n<p>Stowarzyszenie nosi nazw\u0119 Stowarzyszenie Przyjaci\u00f3\u0142 Zespo\u0142u Pie\u015bni i Ta\u0144ca Politechniki Warszawskiej i zwane jest w dalszej cz\u0119\u015bci statutu Stowarzyszeniem.<\/p>\n\n\n\n<h5 class=\"wp-block-heading\">\u00a7 2.<\/h5>\n\n\n\n<ol class=\"wp-block-list\">\n<li>Terenem dzia\u0142ania Stowarzyszenia jest obszar Rzeczpospolitej Polskiej, a siedzib\u0105 Stowarzyszenia miasto sto\u0142eczne Warszawa.<\/li>\n\n\n\n<li>W przypadku, gdy wymaga tego realizacja cel\u00f3w statutowych, Stowarzyszenie mo\u017ce prowadzi\u0107 dzia\u0142alno\u015b\u0107 poza granicami kraju.<\/li>\n<\/ol>\n\n\n\n<h5 class=\"wp-block-heading\">\u00a7 3.<\/h5>\n\n\n\n<ol class=\"wp-block-list\">\n<li>Stowarzyszenie jest organizacj\u0105 zrzeszaj\u0105c\u0105 osoby fizyczne, dzia\u0142aj\u0105c\u0105 na podstawie obowi\u0105zuj\u0105cego prawa o stowarzyszeniach i z tego tytu\u0142u posiada osobowo\u015b\u0107 prawn\u0105.<\/li>\n\n\n\n<li>Stowarzyszenie powo\u0142uje si\u0119 na czas nieokre\u015blony.<\/li>\n<\/ol>\n\n\n\n<h5 class=\"wp-block-heading\">\u00a7 4.<\/h5>\n\n\n\n<ol class=\"wp-block-list\">\n<li>Stowarzyszenie opiera swoj\u0105 dzia\u0142alno\u015b\u0107 na pracy spo\u0142ecznej swoich cz\u0142onk\u00f3w i wolontariuszy.<\/li>\n\n\n\n<li>Stowarzyszenie w zakresie swojego dzia\u0142ania korzysta z wiedzy i do\u015bwiadczenia specjalist\u00f3w i&nbsp;mo\u017ce zatrudnia\u0107 pracownik\u00f3w do realizacji cel\u00f3w statutowych i prowadzenia swych spraw.<\/li>\n<\/ol>\n\n\n\n<h5 class=\"wp-block-heading\">\u00a7 5.<\/h5>\n\n\n\n<p>Stowarzyszenie mo\u017ce u\u017cywa\u0107 odznak i piecz\u0119ci na zasadach okre\u015blonych w przepisach szczeg\u00f3\u0142owych.<\/p>\n\n\n\n<h5 class=\"wp-block-heading\">\u00a7 6.<\/h5>\n\n\n\n<p>Stowarzyszenie mo\u017ce by\u0107 cz\u0142onkiem krajowych i zagranicznych organizacji o tym samym lub podobnym profilu dzia\u0142ania, je\u015bli nie narusza to zobowi\u0105za\u0144 wynikaj\u0105cych z um\u00f3w mi\u0119dzynarodowych, kt\u00f3rych Rzeczpospolita Polska jest stron\u0105.<\/p>\n\n\n\n<p><strong>\u00a7 6A.<\/strong> Przy Stowarzyszeniu Przyjaci\u00f3\u0142 Zespo\u0142u Pie\u015bni i Ta\u0144ca Politechniki Warszawskiej dzia\u0142a Zesp\u00f3\u0142 Pie\u015bni i Ta\u0144ca Mary\u015b.<\/p>\n\n\n\n<h3 class=\"wp-block-heading\">Cele i sposoby dzia\u0142ania<\/h3>\n\n\n\n<h5 class=\"wp-block-heading\">\u00a7 7.<\/h5>\n\n\n\n<p>Celem Stowarzyszenia jest:<\/p>\n\n\n\n<ol class=\"wp-block-list\">\n<li>integracja \u015brodowiska by\u0142ych i obecnych cz\u0142onk\u00f3w Zespo\u0142u Pie\u015bni i Ta\u0144ca Politechniki Warszawskiej oraz jego przyjaci\u00f3\u0142;<\/li>\n\n\n\n<li>podejmowanie wszechstronnych dzia\u0142a\u0144 zmierzaj\u0105cych do podtrzymywania tradycji narodowej, ochrony d\u00f3br kultury, piel\u0119gnowania polsko\u015bci oraz rozwoju \u015bwiadomo\u015bci narodowej, obywatelskiej i kulturowej, poprzez popularyzacj\u0119 i kultywowanie polskiej muzyki, pie\u015bni i&nbsp;ta\u0144ca ludowego;<\/li>\n\n\n\n<li>wychowywanie \u015bwiadomego odbiorcy sztuki i kultury ludowej poprzez rozwijanie w\u015br\u00f3d dzieci, m\u0142odzie\u017cy i doros\u0142ych wra\u017cliwo\u015bci i zami\u0142owania do pi\u0119kna polskiego folkloru;<\/li>\n\n\n\n<li>kszta\u0142towanie wra\u017cliwo\u015bci estetycznej a zw\u0142aszcza podnoszenie kultury muzycznej oraz edukacji, nauki, o\u015bwiaty i wychowania dzieci, m\u0142odzie\u017cy i doros\u0142ych;<\/li>\n\n\n\n<li>upowszechnianie i rozwijanie postaw i warto\u015bci humanistycznych i obywatelskich umo\u017cliwiaj\u0105cych dzieciom, m\u0142odzie\u017cy i doros\u0142ym uczestnictwo w \u017cyciu kraju, spo\u0142ecze\u0144stwa i&nbsp;\u015brodowiska;<\/li>\n\n\n\n<li>inicjowanie i organizowanie dzia\u0142a\u0144 promuj\u0105cych uczestnictwo w kulturze, aktywno\u015b\u0107 tw\u00f3rcz\u0105, zdrowy styl \u017cycia oraz aktywny wypoczynek;<\/li>\n\n\n\n<li>wspomaganie rozwoju wsp\u00f3lnot i spo\u0142eczno\u015bci lokalnych poprzez animowanie dzia\u0142a\u0144 wsp\u00f3lnot lokalnych i rozwijanie aktywno\u015bci kulturalnej i artystycznej w\u015br\u00f3d mieszka\u0144c\u00f3w aglomeracji warszawskiej;<\/li>\n\n\n\n<li>dzia\u0142ania na rzecz integracji europejskiej oraz rozwijania kontakt\u00f3w i wsp\u00f3\u0142pracy mi\u0119dzy spo\u0142ecze\u0144stwami.<\/li>\n<\/ol>\n\n\n\n<h5 class=\"wp-block-heading\">\u00a7 8.<\/h5>\n\n\n\n<p>Stowarzyszenie realizuje swoje cele poprzez:<\/p>\n\n\n\n<ol class=\"wp-block-list\">\n<li>organizowanie dzia\u0142alno\u015bci scenicznej i muzycznej Zespo\u0142u Pie\u015bni i Ta\u0144ca Mary\u015b oraz wsp\u00f3\u0142organizowanie imprez artystycznych Zespo\u0142u Pie\u015bni i Ta\u0144ca Politechniki Warszawskiej;<\/li>\n\n\n\n<li>zbieranie i wykorzystywanie fachowej informacji i dokumentacji i prowadzenie dzia\u0142alno\u015bci edukacyjnej i informacyjnej w dziedzinie polskiej tradycji ludowej;<\/li>\n\n\n\n<li>informowanie cz\u0142onk\u00f3w Stowarzyszenia o pracy Stowarzyszenia, zespo\u0142\u00f3w oraz o imprezach kulturalnych (wyst\u0119py ch\u00f3r\u00f3w, orkiestr, zespo\u0142\u00f3w baletowych itp.);<\/li>\n\n\n\n<li>okresowe spotkania, organizacj\u0119 oraz uczestnictwo w imprezach i uroczysto\u015bciach okoliczno\u015bciowych;<\/li>\n\n\n\n<li>wspieranie kierownictwa, rady artystycznej i rady Zespo\u0142u Pie\u015bni i Ta\u0144ca Politechniki Warszawskiej we wszelkich dzia\u0142aniach maj\u0105cych na celu podniesienie jego poziomu artystycznego i usprawnienie jego funkcjonowania;<\/li>\n\n\n\n<li>zapoznawanie aktualnych cz\u0142onk\u00f3w Zespo\u0142u Pie\u015bni i Ta\u0144ca Politechniki Warszawskiej z jego tradycj\u0105, tw\u00f3rcami programu, instruktorami i osi\u0105gni\u0119ciami artystycznymi;<\/li>\n\n\n\n<li>wsp\u00f3\u0142dzia\u0142anie i wsp\u00f3\u0142prac\u0119 z w\u0142adzami Politechniki Warszawskiej, ze Stowarzyszeniem Absolwent\u00f3w Politechniki Warszawskiej oraz innymi stowarzyszeniami i organizacjami dzia\u0142aj\u0105cymi na terenie uczelni;<\/li>\n\n\n\n<li>organizowanie i prowadzenie r\u00f3\u017cnych form wypoczynku dzieci, m\u0142odzie\u017cy i doros\u0142ych;<\/li>\n\n\n\n<li>wspieranie m\u0142odzie\u017cy w samorozwoju poprzez umo\u017cliwienie uczestniczenia w r\u00f3\u017cnego typu aktywno\u015bci tw\u00f3rczej i kulturalnej;<\/li>\n\n\n\n<li>organizowanie i prowadzenie warsztat\u00f3w oraz szkole\u0144 dla m\u0142odzie\u017cy i doros\u0142ych z&nbsp;dziedziny polskiej muzyki i ta\u0144ca ludowego;<\/li>\n\n\n\n<li>tworzenie i wdra\u017canie program\u00f3w oraz projekt\u00f3w zgodnych z celami Stowarzyszenia;<\/li>\n\n\n\n<li>dzia\u0142alno\u015b\u0107 edytorsk\u0105, w tym opracowywanie materia\u0142\u00f3w po\u015bwi\u0119conych problematyce zgodnej z celami Stowarzyszenia;<\/li>\n\n\n\n<li>wsp\u00f3\u0142prac\u0119 z innymi organizacjami kulturalnymi w kraju i za granic\u0105;<\/li>\n\n\n\n<li>promocj\u0119 kultury polskiej w kraju i za granic\u0105.<\/li>\n<\/ol>\n\n\n\n<h5 class=\"wp-block-heading\">\u00a7 9.<\/h5>\n\n\n\n<p>Stowarzyszenie mo\u017ce wsp\u00f3\u0142pracowa\u0107 z wszelkimi instytucjami rz\u0105dowymi, samorz\u0105dowymi, prywatnymi oraz pozarz\u0105dowymi w dzia\u0142aniach przyczyniaj\u0105cych si\u0119 do realizacji cel\u00f3w statutowych.<\/p>\n\n\n\n<h3 class=\"wp-block-heading\">Cz\u0142onkowie, ich prawa i obowi\u0105zki<\/h3>\n\n\n\n<h5 class=\"wp-block-heading\">\u00a7 10.<\/h5>\n\n\n\n<p>Cz\u0142onkowie Stowarzyszenia dziel\u0105 si\u0119 na:<\/p>\n\n\n\n<ol class=\"wp-block-list\">\n<li>cz\u0142onk\u00f3w zwyczajnych,<\/li>\n\n\n\n<li>cz\u0142onk\u00f3w honorowych.<\/li>\n<\/ol>\n\n\n\n<h5 class=\"wp-block-heading\">\u00a7 11.<\/h5>\n\n\n\n<p>Cz\u0142onkiem zwyczajnym mo\u017ce by\u0107 osoba fizyczna posiadaj\u0105ca pe\u0142n\u0105 zdolno\u015b\u0107 do czynno\u015bci prawnych \u2013 niezale\u017cnie od posiadanego obywatelstwa i miejsca zamieszkania, kt\u00f3ra identyfikuje si\u0119 z&nbsp;celami Stowarzyszenia i aktywnie je propaguje i realizuje.<\/p>\n\n\n\n<h5 class=\"wp-block-heading\">\u00a7 12.<\/h5>\n\n\n\n<ol class=\"wp-block-list\">\n<li>Cz\u0142onk\u00f3w zwyczajnych przyjmuje Zarz\u0105d, podejmuj\u0105c stosown\u0105 uchwa\u0142\u0119 na podstawie deklaracji w formie pisemnej lub elektronicznej.<\/li>\n\n\n\n<li>Zarz\u0105d rozpatruje z\u0142o\u017con\u0105 deklaracj\u0119 na swoim najbli\u017cszym posiedzeniu.<\/li>\n\n\n\n<li>Od uchwa\u0142y Zarz\u0105du o&nbsp;odmowie przyj\u0119cia w poczet cz\u0142onk\u00f3w Stowarzyszenia przys\u0142uguje odwo\u0142anie do Walnego Zebrania w terminie 30 dni od dnia skutecznego dor\u0119czenia zainteresowanemu tre\u015bci tej uchwa\u0142y w formie pisemnej lub elektronicznej.<\/li>\n<\/ol>\n\n\n\n<h5 class=\"wp-block-heading\">\u00a7 13.<\/h5>\n\n\n\n<p>Cz\u0142onek zwyczajny ma prawo do:<\/p>\n\n\n\n<ol class=\"wp-block-list\">\n<li>udzia\u0142u w zwyczajnym lub nadzwyczajnym Walnym Zebraniu,<\/li>\n\n\n\n<li>czynnego i biernego prawa wyborczego do w\u0142adz Stowarzyszenia,<\/li>\n\n\n\n<li>uczestnictwa w dzia\u0142aniach organizowanych przez Stowarzyszenie,<\/li>\n\n\n\n<li>zg\u0142aszania wniosk\u00f3w i postulat\u00f3w dotycz\u0105cych dzia\u0142alno\u015bci Stowarzyszenia.<\/li>\n<\/ol>\n\n\n\n<h5 class=\"wp-block-heading\">\u00a7 14.<\/h5>\n\n\n\n<p>Do obowi\u0105zk\u00f3w cz\u0142onka zwyczajnego nale\u017cy:<\/p>\n\n\n\n<ol class=\"wp-block-list\">\n<li>przestrzeganie postanowie\u0144 statutu, regulamin\u00f3w i uchwa\u0142 w\u0142adz Stowarzyszenia,<\/li>\n\n\n\n<li>uczestniczenie w bie\u017c\u0105cych pracach Stowarzyszenia stosownie do swoich mo\u017cliwo\u015bci i&nbsp;umiej\u0119tno\u015bci,<\/li>\n\n\n\n<li>terminowe op\u0142acanie sk\u0142adek cz\u0142onkowskich.<\/li>\n<\/ol>\n\n\n\n<h5 class=\"wp-block-heading\">\u00a7 15.<\/h5>\n\n\n\n<ol class=\"wp-block-list\">\n<li>Cz\u0142onkostwo zwyczajne ustaje \u2013 na podstawie uchwa\u0142y Zarz\u0105du \u2013 w przypadku:\n<ol style=\"list-style-type:lower-alpha\" class=\"wp-block-list\">\n<li>dobrowolnego wyst\u0105pienia ze Stowarzyszenia, z\u0142o\u017conego Zarz\u0105dowi w formie pisemnej lub elektronicznej;<\/li>\n\n\n\n<li>d\u0142ugotrwa\u0142ego, nieusprawiedliwionego uchylania si\u0119 od obowi\u0105zk\u00f3w wynikaj\u0105cych ze statutu, regulamin\u00f3w i uchwa\u0142 w\u0142adz Stowarzyszenia lub dzia\u0142ania na szkod\u0119 Stowarzyszenia;<\/li>\n\n\n\n<li>niep\u0142acenia sk\u0142adek cz\u0142onkowskich na zasadach okre\u015blonych przez Zarz\u0105d.<\/li>\n<\/ol>\n<\/li>\n\n\n\n<li>Od uchwa\u0142y Zarz\u0105du w przedmiocie wykluczenia przys\u0142uguje odwo\u0142anie do Walnego Zebrania, w terminie 30 dni od dnia dor\u0119czenia zainteresowanemu tre\u015bci uchwa\u0142y w&nbsp;przedmiocie wykluczenia.<\/li>\n\n\n\n<li>Odwo\u0142anie zostaje rozpatrzone na najbli\u017cszym Walnym Zebraniu. Do tego czasu wykluczony cz\u0142onek nie posiada praw cz\u0142onka.<\/li>\n<\/ol>\n\n\n\n<h5 class=\"wp-block-heading\">\u00a7 16.<\/h5>\n\n\n\n<ol class=\"wp-block-list\">\n<li>Cz\u0142onkiem honorowym mo\u017ce zosta\u0107 osoba fizyczna szczeg\u00f3lnie zas\u0142u\u017cona dla realizacji cel\u00f3w statutowych Stowarzyszenia.<\/li>\n\n\n\n<li>Cz\u0142onkostwo honorowe nadaje i pozbawia go Walne Zebranie na wniosek Zarz\u0105du.<\/li>\n\n\n\n<li>Cz\u0142onek honorowy posiada wszystkie prawa cz\u0142onka zwyczajnego, a ponadto jest zwolniony z&nbsp;obowi\u0105zku p\u0142acenia sk\u0142adek cz\u0142onkowskich.<\/li>\n<\/ol>\n\n\n\n<h3 class=\"wp-block-heading\">W\u0142adze Stowarzyszenia<\/h3>\n\n\n\n<h5 class=\"wp-block-heading\">\u00a7 17.<\/h5>\n\n\n\n<ol class=\"wp-block-list\">\n<li>W\u0142adzami Stowarzyszenia s\u0105:\n<ol style=\"list-style-type:lower-alpha\" class=\"wp-block-list\">\n<li>Walne Zebranie,<\/li>\n\n\n\n<li>Zarz\u0105d,<\/li>\n\n\n\n<li>Komisja Rewizyjna.<\/li>\n<\/ol>\n<\/li>\n\n\n\n<li>Kadencja Zarz\u0105du i Komisji Rewizyjnej trwa 2 lata, a wybory do w\u0142adz odbywaj\u0105 si\u0119 w&nbsp;g\u0142osowaniu tajnym.<\/li>\n\n\n\n<li>Je\u015bli statut nie stanowi inaczej, uchwa\u0142y w\u0142adz zapadaj\u0105 bezwzgl\u0119dn\u0105 wi\u0119kszo\u015bci\u0105 g\u0142os\u00f3w, przy obecno\u015bci, co najmniej po\u0142owy cz\u0142onk\u00f3w uprawnionych do g\u0142osowania.<\/li>\n\n\n\n<li>W przypadku powstania wakatu w czasie trwania kadencji Zarz\u0105du lub Komisji Rewizyjnej, organom tym przys\u0142uguje prawo kooptacji, z tym, \u017ce liczba os\u00f3b dokooptowanych nie mo\u017ce przekracza\u0107 1\/3 liczby cz\u0142onk\u00f3w danego organu.<\/li>\n<\/ol>\n\n\n\n<h3 class=\"wp-block-heading\">Walne Zebranie<\/h3>\n\n\n\n<h5 class=\"wp-block-heading\">\u00a7 18.<\/h5>\n\n\n\n<ol class=\"wp-block-list\">\n<li>Najwy\u017csz\u0105 w\u0142adz\u0105 Stowarzyszenia jest Walne Zebranie.<\/li>\n\n\n\n<li>Walne Zebranie mo\u017ce by\u0107 zwyczajne lub nadzwyczajne.<\/li>\n<\/ol>\n\n\n\n<h5 class=\"wp-block-heading\">\u00a7 19.<\/h5>\n\n\n\n<p>Zwyczajne Walne Zebranie zwo\u0142ywane jest raz w roku, w terminie i miejscu ustalonym przez Zarz\u0105d, nie p\u00f3\u017aniej ni\u017c 30 czerwca roku nast\u0119puj\u0105cego po zako\u0144czonym roku obrotowym.<\/p>\n\n\n\n<h5 class=\"wp-block-heading\">\u00a7 20.<\/h5>\n\n\n\n<ol class=\"wp-block-list\">\n<li>Nadzwyczajne Walne Zebranie Stowarzyszenia zwo\u0142uje Zarz\u0105d:\n<ol style=\"list-style-type:lower-alpha\" class=\"wp-block-list\">\n<li>z w\u0142asnej inicjatywy;<\/li>\n\n\n\n<li>na \u017c\u0105danie Komisji Rewizyjnej;<\/li>\n\n\n\n<li>na pisemny wniosek 1\/3 og\u00f3lnej liczby cz\u0142onk\u00f3w Stowarzyszenia.<\/li>\n<\/ol>\n<\/li>\n\n\n\n<li>Nadzwyczajne Walne Zebranie jest zwo\u0142ywane przez Zarz\u0105d w terminie od 2 do 6&nbsp;tygodni od daty wp\u0142yni\u0119cia wniosku lub podj\u0119cia uchwa\u0142y Zarz\u0105du i obraduje nad sprawami, dla kt\u00f3rych rozpatrzenia zosta\u0142o zwo\u0142ane.<\/li>\n\n\n\n<li>Je\u017celi Nadzwyczajne Walne Zebranie ma by\u0107 zwo\u0142ane w trybie \u00a720 pkt 1.b lub 1.c \u2013 wniosek do Zarz\u0105du powinien zawiera\u0107 proponowany porz\u0105dek obrad.<\/li>\n<\/ol>\n\n\n\n<h5 class=\"wp-block-heading\">\u00a7 21.<\/h5>\n\n\n\n<p>Zwyczajne i nadzwyczajne Walne Zebranie prowadzone jest przez przewodnicz\u0105cego wybranego przez Walne Zebranie.<\/p>\n\n\n\n<h5 class=\"wp-block-heading\">\u00a7 22.<\/h5>\n\n\n\n<p>Do kompetencji Walnego Zebrania nale\u017cy:<\/p>\n\n\n\n<ol class=\"wp-block-list\">\n<li>przyjmowanie i rozpatrywanie sprawozda\u0144 Zarz\u0105du i Komisji Rewizyjnej,<\/li>\n\n\n\n<li>udzielanie absolutorium ust\u0119puj\u0105cemu Zarz\u0105dowi na wniosek Komisji Rewizyjnej,<\/li>\n\n\n\n<li>wyb\u00f3r cz\u0142onk\u00f3w Zarz\u0105du i Komisji Rewizyjnej,<\/li>\n\n\n\n<li>uchwalanie zmian w statucie,<\/li>\n\n\n\n<li>nadawanie i pozbawienie cz\u0142onkostwa honorowego na wniosek Zarz\u0105du,<\/li>\n\n\n\n<li>podejmowanie uchwa\u0142y w sprawie rozwi\u0105zania si\u0119 Stowarzyszenia,<\/li>\n\n\n\n<li>rozpatrywanie odwo\u0142a\u0144 od uchwa\u0142 Zarz\u0105du,<\/li>\n\n\n\n<li>ustalanie wysoko\u015bci sk\u0142adek cz\u0142onkowskich.<\/li>\n<\/ol>\n\n\n\n<h5 class=\"wp-block-heading\">\u00a7 23.<\/h5>\n\n\n\n<ol class=\"wp-block-list\">\n<li>Walne Zebranie jest prawomocne, je\u017celi we\u017amie w nim udzia\u0142 w pierwszym terminie nie mniej ni\u017c 1\/2 cz\u0142onk\u00f3w uprawnionych do g\u0142osowania, a w drugim terminie \u2013 bez wzgl\u0119du na liczb\u0119 obecnych.<\/li>\n\n\n\n<li>Uchwa\u0142y Walnego Zebrania zapadaj\u0105 bezwzgl\u0119dn\u0105 wi\u0119kszo\u015bci\u0105 g\u0142os\u00f3w, z wyj\u0105tkiem uchwa\u0142 dotycz\u0105cych zmian statutu lub rozwi\u0105zania si\u0119 Stowarzyszenia, kt\u00f3re wymagaj\u0105 wi\u0119kszo\u015bci 2\/3 g\u0142os\u00f3w przy obecno\u015bci co najmniej po\u0142owy uprawnionych cz\u0142onk\u00f3w, a w drugim terminie zebrania \u2013 2\/3 g\u0142os\u00f3w obecnych uprawnionych cz\u0142onk\u00f3w.<\/li>\n<\/ol>\n\n\n\n<h3 class=\"wp-block-heading\">Zarz\u0105d<\/h3>\n\n\n\n<h5 class=\"wp-block-heading\">\u00a7 24.<\/h5>\n\n\n\n<ol class=\"wp-block-list\">\n<li>Zarz\u0105d kieruje dzialalno\u015bci\u0105 Stowarzyszenia oraz reprezentuje Stowarzyszenie na zewn\u0105trz.<\/li>\n\n\n\n<li>Zarz\u0105d sk\u0142ada si\u0119 z trzech lub pi\u0119ciu os\u00f3b wybranych przez Walne Zebranie.<\/li>\n\n\n\n<li>Na pierwszym posiedzeniu Zarz\u0105du w nowym sk\u0142adzie, wybiera on ze swojego grona przewodnicz\u0105cego.<\/li>\n\n\n\n<li>Posiedzenia Zarz\u0105du zwo\u0142ywane s\u0105 przez przewodnicz\u0105cego w miar\u0119 potrzeby, nie rzadziej jednak, ni\u017c co trzy miesi\u0105ce. Je\u015bli przewodnicz\u0105cy nie mo\u017ce zwo\u0142a\u0107 posiedzenia \u2013 posiedzenie zwo\u0142uje inny cz\u0142onek Zarz\u0105du.<\/li>\n<\/ol>\n\n\n\n<h5 class=\"wp-block-heading\">\u00a7 25.<\/h5>\n\n\n\n<p>Do kompetencji Zarz\u0105du nale\u017cy:<\/p>\n\n\n\n<ol class=\"wp-block-list\">\n<li>reprezentowanie Stowarzyszenia na zewn\u0105trz i dzia\u0142anie w jego imieniu,<\/li>\n\n\n\n<li>kierowanie bie\u017c\u0105c\u0105 dzia\u0142alno\u015bci\u0105 Stowarzyszenia zgodnie z postanowieniami statutu,<\/li>\n\n\n\n<li>realizowanie uchwa\u0142 Walnego Zebrania,<\/li>\n\n\n\n<li>uchwalanie okresowych plan\u00f3w dzia\u0142alno\u015bci merytorycznej, preliminarza i bud\u017cetu,<\/li>\n\n\n\n<li>sporz\u0105dzanie sprawozda\u0144 z dzia\u0142alno\u015bci Stowarzyszenia,<\/li>\n\n\n\n<li>uchwalanie regulamin\u00f3w,<\/li>\n\n\n\n<li>przyjmowanie, skre\u015blanie i wykluczanie cz\u0142onk\u00f3w Stowarzyszenia,<\/li>\n\n\n\n<li>wyst\u0119powanie do Walnego Zebrania z wnioskami o nadanie cz\u0142onkostwa honorowego,<\/li>\n\n\n\n<li>wnioskowanie do Walnego Zebrania o ustalenie wysoko\u015bci sk\u0142adek cz\u0142onkowskich,<\/li>\n\n\n\n<li>podejmowanie uchwa\u0142 o przyst\u0105pieniu Stowarzyszenia do stowarzysze\u0144 krajowych i&nbsp;zagranicznych,<\/li>\n\n\n\n<li>zarz\u0105dzanie maj\u0105tkiem Stowarzyszenia,<\/li>\n\n\n\n<li>zwo\u0142ywanie Walnych Zebra\u0144,<\/li>\n\n\n\n<li>rozpatrywanie spor\u00f3w pomi\u0119dzy cz\u0142onkami, powsta\u0142ych na tle dzia\u0142alno\u015bci Stowarzyszenia.<\/li>\n<\/ol>\n\n\n\n<h5 class=\"wp-block-heading\">\u00a7 26.<\/h5>\n\n\n\n<p>Do sk\u0142adania o\u015bwiadcze\u0144 woli, w tym maj\u0105tkowych, wymagane jest dzia\u0142anie dw\u00f3ch cz\u0142onk\u00f3w&nbsp;Zarz\u0105du \u0142\u0105cznie.<\/p>\n\n\n\n<h5 class=\"wp-block-heading\">\u00a7 27.<\/h5>\n\n\n\n<p>Cz\u0142onkowie Zarz\u0105du odpowiadaj\u0105 przed Walnym Zebraniem, z wyj\u0105tkiem naruszenia przepis\u00f3w prawnych, kiedy to odpowiadaj\u0105 zgodnie z tymi przepisami.<\/p>\n\n\n\n<h5 class=\"wp-block-heading\">\u00a7 28.<\/h5>\n\n\n\n<p>Mandat cz\u0142onka Zarz\u0105du wygasa w razie:<\/p>\n\n\n\n<ol class=\"wp-block-list\">\n<li>up\u0142ywu kadencji,<\/li>\n\n\n\n<li>rezygnacji,<\/li>\n\n\n\n<li>odwo\u0142ania przez Walne Zebranie w okresie kadencji,<\/li>\n\n\n\n<li>\u015bmierci.<\/li>\n<\/ol>\n\n\n\n<h3 class=\"wp-block-heading\">Komisja Rewizyjna<\/h3>\n\n\n\n<h5 class=\"wp-block-heading\">\u00a7 29.<\/h5>\n\n\n\n<ol class=\"wp-block-list\">\n<li>Komisja Rewizyjna sk\u0142ada si\u0119 z trzech cz\u0142onk\u00f3w wybranych przez Walne Zebranie.<\/li>\n\n\n\n<li>Cz\u0142onkowie Komisji Rewizyjnej wybieraj\u0105 spo\u015br\u00f3d siebie przewodnicz\u0105cego.<\/li>\n\n\n\n<li>Cz\u0142onkowie Komisji Rewizyjnej nie mog\u0105 jednocze\u015bnie pe\u0142ni\u0107 funkcji w Zarz\u0105dzie Stowarzyszenia.<\/li>\n\n\n\n<li>Cz\u0142onkowie Komisji Rewizyjnej nie mog\u0105 pozostawa\u0107 w \u017cadnym stosunku pokrewie\u0144stwa, powinowactwa lub podleg\u0142o\u015bci z tytu\u0142u zatrudnienia wobec cz\u0142onk\u00f3w Zarz\u0105du.<\/li>\n\n\n\n<li>Cz\u0142onkiem Komisji Rewizyjnej nie mo\u017ce by\u0107 osoba, kt\u00f3ra by\u0142a skazana prawomocnym wyrokiem s\u0105du za przest\u0119pstwo z winy umy\u015blnej.<\/li>\n<\/ol>\n\n\n\n<h5 class=\"wp-block-heading\">\u00a7 30.<\/h5>\n\n\n\n<ol class=\"wp-block-list\">\n<li>Komisja Rewizyjna jest powo\u0142ana do przeprowadzenia przynajmniej raz w roku kontroli ca\u0142okszta\u0142tu dzia\u0142alno\u015bci Stowarzyszenia ze szczeg\u00f3lnym uwzgl\u0119dnieniem gospodarki finansowej pod wzgl\u0119dem celowo\u015bci i rzetelno\u015bci oraz jej zgodno\u015bci ze statutem.<\/li>\n\n\n\n<li>Komisja Rewizyjna ma prawo wyst\u0119powania do Zarz\u0105du z wnioskami pokontrolnymi i&nbsp;\u017c\u0105dania wyja\u015bnienia.<\/li>\n\n\n\n<li>Komisja Rewizyjna ma obowi\u0105zek z\u0142o\u017cy\u0107 sprawozdanie zwyczajnemu Walnemu Zebraniu z ocen\u0105 dzia\u0142alno\u015bci Zarz\u0105du i wnioskami dotycz\u0105cymi udzielania absolutorium ust\u0119puj\u0105cemu Zarz\u0105dowi.<\/li>\n\n\n\n<li>Cz\u0142onkowie Komisji Rewizyjnej mog\u0105 bra\u0107 udzia\u0142 w posiedzeniach Zarz\u0105du z g\u0142osem doradczym.<\/li>\n\n\n\n<li>Do mandatu cz\u0142onka Komisji Rewizyjnej stosuje si\u0119 odpowiednio \u00a7 28.<\/li>\n<\/ol>\n\n\n\n<h3 class=\"wp-block-heading\">Maj\u0105tek Stowarzyszenia<\/h3>\n\n\n\n<h5 class=\"wp-block-heading\">\u00a7 31.<\/h5>\n\n\n\n<ol class=\"wp-block-list\">\n<li>\u0179r\u00f3d\u0142ami powstania maj\u0105tku Stowarzyszenia s\u0105:\n<ol style=\"list-style-type:lower-alpha\" class=\"wp-block-list\">\n<li>sk\u0142adki cz\u0142onkowskie,<\/li>\n\n\n\n<li>darowizny, spadki, zapisy, \u015brodki pochodz\u0105ce z ofiarno\u015bci publicznej, ze sponsoringu,<\/li>\n\n\n\n<li>dotacje, subwencje i udzia\u0142y, \u015bwiadczenia przekazywane przez podmioty gospodarcze,<\/li>\n\n\n\n<li>dochody z maj\u0105tku nieruchomego i ruchomego,<\/li>\n\n\n\n<li>dochody uzyskane z odsetek z rachunk\u00f3w bankowych, z odsetek lokat kapita\u0142owych,<\/li>\n\n\n\n<li>dochody z imprez publicznych i zbi\u00f3rek,<\/li>\n\n\n\n<li>dochody z dzia\u0142alno\u015bci gospodarczej.<\/li>\n<\/ol>\n<\/li>\n\n\n\n<li>Dochody z dzia\u0142alno\u015bci gospodarczej Stowarzyszenia s\u0142u\u017c\u0105 wy\u0142\u0105cznie realizacji cel\u00f3w statutowych i nie mog\u0105 by\u0107 przeznaczone do podzia\u0142u pomi\u0119dzy jego cz\u0142onk\u00f3w.<\/li>\n<\/ol>\n\n\n\n<h3 class=\"wp-block-heading\">Dzia\u0142alno\u015b\u0107 gospodarcza<\/h3>\n\n\n\n<h5 class=\"wp-block-heading\">\u00a7 32.<\/h5>\n\n\n\n<ol class=\"wp-block-list\">\n<li>Stowarzyszenie mo\u017ce prowadzi\u0107 dzia\u0142alno\u015b\u0107 gospodarcz\u0105 wed\u0142ug og\u00f3lnych zasad okre\u015blonych w odr\u0119bnych przepisach.<\/li>\n\n\n\n<li>Stowarzyszenie prowadzi dzia\u0142alno\u015b\u0107 gospodarcz\u0105&nbsp;wy\u0142\u0105cznie w rozmiarach s\u0142u\u017c\u0105cych realizacji cel\u00f3w statutowych.<\/li>\n<\/ol>\n\n\n\n<h5 class=\"wp-block-heading\">\u00a7 33.<\/h5>\n\n\n\n<p>Rokiem obrotowym jest rok kalendarzowy.<\/p>\n\n\n\n<h5 class=\"wp-block-heading\">\u00a7 34.<\/h5>\n\n\n\n<p>Zabronione jest:<\/p>\n\n\n\n<ol class=\"wp-block-list\">\n<li>udzielanie po\u017cyczek lub zabezpiecze\u0144 zobowi\u0105za\u0144 maj\u0105tkiem Stowarzyszenia w&nbsp;stosunku do cz\u0142onk\u00f3w, pracownik\u00f3w oraz ich os\u00f3b bliskich, z kt\u00f3rymi pozostaj\u0105 w&nbsp;zwi\u0105zku ma\u0142\u017ce\u0144skim albo w stosunku pokrewie\u0144stwa lub powinowactwa w linii prostej, pokrewie\u0144stwa lub powinowactwa w linii bocznej do drugiego stopnia, albo s\u0105 zwi\u0105zani z tytu\u0142u przysposobienia, opieki lub kurateli;<\/li>\n\n\n\n<li>przekazywanie maj\u0105tku Stowarzyszenia na rzecz cz\u0142onk\u00f3w lub pracownik\u00f3w oraz ich os\u00f3b bliskich, na zasadach innych ni\u017c w stosunku do os\u00f3b trzecich, w szczeg\u00f3lno\u015bci je\u015bli przekazanie to nast\u0119puje bezp\u0142atnie lub na preferencyjnych zasadach;<\/li>\n\n\n\n<li>wykorzystywanie maj\u0105tku Stowarzyszenia na rzecz cz\u0142onk\u00f3w, pracownik\u00f3w lub ich os\u00f3b bliskich na zasadach innych ni\u017c w stosunku do os\u00f3b trzecich, chyba, \u017ce to wykorzystanie wynika bezpo\u015brednio ze statutowego celu Stowarzyszenia.<\/li>\n<\/ol>\n\n\n\n<h3 class=\"wp-block-heading\">Zmiany statutu i rozwi\u0105zanie si\u0119 Stowarzyszenia<\/h3>\n\n\n\n<h5 class=\"wp-block-heading\">\u00a7 35.<\/h5>\n\n\n\n<ol class=\"wp-block-list\">\n<li>Uchwa\u0142\u0119 w sprawie zmiany statutu i rozwi\u0105zania si\u0119 Stowarzyszenia podejmuje Walne Zebranie w trybie okre\u015blonym w \u00a7 23 ust. 2.<\/li>\n\n\n\n<li>W przypadku podj\u0119cia przez Walne Zebranie uchwa\u0142y o rozwi\u0105zaniu si\u0119 Stowarzyszenia, uchwa\u0142a ta powinna okre\u015bli\u0107 przeznaczenie maj\u0105tku Stowarzyszenia i&nbsp;powo\u0142a\u0107 komisj\u0119 likwidacyjn\u0105.<\/li>\n<\/ol>\n\n\n\n<h5 class=\"wp-block-heading\">\u00a7 36.<\/h5>\n\n\n\n<p>W sprawach nieuregulowanych niniejszym statutem maj\u0105 zastosowanie postanowienia ustawy z dnia 7 kwietnia 1989 r.&nbsp;<em>Prawo o stowarzyszeniach<\/em>&nbsp;(Dz. U. nr 179, poz. 855 z p\u00f3\u017an. zm.).<\/p>\n","protected":false},"excerpt":{"rendered":"<p>Postanowienia og\u00f3lne \u00a7 1. Stowarzyszenie nosi nazw\u0119 Stowarzyszenie Przyjaci\u00f3\u0142 Zespo\u0142u Pie\u015bni i Ta\u0144ca Politechniki Warszawskiej i zwane jest w dalszej cz\u0119\u015bci statutu Stowarzyszeniem. \u00a7 2. \u00a7 3. \u00a7 4. \u00a7 5. Stowarzyszenie mo\u017ce u\u017cywa\u0107 odznak i piecz\u0119ci na zasadach okre\u015blonych w przepisach szczeg\u00f3\u0142owych. \u00a7 6. Stowarzyszenie mo\u017ce by\u0107 cz\u0142onkiem krajowych i zagranicznych organizacji o tym &#8230; <a title=\"Statut Stowarzyszenia\" class=\"read-more\" href=\"https:\/\/spzpitpw.pl\/index.php\/statut\" aria-label=\"Read more about Statut Stowarzyszenia\">Dowiedz si\u0119 wi\u0119cej<\/a><\/p>\n","protected":false},"author":1,"featured_media":0,"parent":0,"menu_order":0,"comment_status":"closed","ping_status":"closed","template":"","meta":{"footnotes":""},"class_list":["post-22","page","type-page","status-publish"],"_links":{"self":[{"href":"https:\/\/spzpitpw.pl\/index.php\/wp-json\/wp\/v2\/pages\/22","targetHints":{"allow":["GET"]}}],"collection":[{"href":"https:\/\/spzpitpw.pl\/index.php\/wp-json\/wp\/v2\/pages"}],"about":[{"href":"https:\/\/spzpitpw.pl\/index.php\/wp-json\/wp\/v2\/types\/page"}],"author":[{"embeddable":true,"href":"https:\/\/spzpitpw.pl\/index.php\/wp-json\/wp\/v2\/users\/1"}],"replies":[{"embeddable":true,"href":"https:\/\/spzpitpw.pl\/index.php\/wp-json\/wp\/v2\/comments?post=22"}],"version-history":[{"count":2,"href":"https:\/\/spzpitpw.pl\/index.php\/wp-json\/wp\/v2\/pages\/22\/revisions"}],"predecessor-version":[{"id":3520,"href":"https:\/\/spzpitpw.pl\/index.php\/wp-json\/wp\/v2\/pages\/22\/revisions\/3520"}],"wp:attachment":[{"href":"https:\/\/spzpitpw.pl\/index.php\/wp-json\/wp\/v2\/media?parent=22"}],"curies":[{"name":"wp","href":"https:\/\/api.w.org\/{rel}","templated":true}]}}