{"id":28,"date":"2012-11-27T00:55:56","date_gmt":"2012-11-26T23:55:56","guid":{"rendered":"http:\/\/www.spzpitpw.pl\/?page_id=28"},"modified":"2025-03-30T14:12:52","modified_gmt":"2025-03-30T12:12:52","slug":"grupa-oldboys","status":"publish","type":"page","link":"https:\/\/spzpitpw.pl\/index.php\/dzialalnosc\/grupa-oldboys","title":{"rendered":"Grupa Oldboys"},"content":{"rendered":"\n<p>Sekcja Oldboj\u00f3w ZPiT PW jest nieformaln\u0105 grup\u0105 artystyczn\u0105, kt\u00f3r\u0105 tworz\u0105 byli cz\u0142onkowie Zespo\u0142u. Tradycja tego rodzaju dzia\u0142alno\u015bci dor\u00f3wnuje wiekiem samemu Zespo\u0142owi, jest przejawem niezwyk\u0142ych wi\u0119zi, jakie powsta\u0142y pomi\u0119dzy cz\u0142onkami zespo\u0142owej spo\u0142eczno\u015bci w okresie ich kilku- czy&nbsp;kilkunastoletniej&nbsp;aktywno\u015bci w Zespole &#8211; na scenie i poza ni\u0105.<\/p>\n\n\n<div class=\"wp-block-image\">\n<figure class=\"alignleft\"><a href=\"https:\/\/cdn.ldev.pl\/spzpitpw.pl\/uploads\/2013\/01\/budowlanka.jpg\"><img decoding=\"async\" src=\"https:\/\/cdn.ldev.pl\/spzpitpw.pl\/uploads\/2013\/01\/budowlanka.jpg\" alt=\"\" class=\"wp-image-311\" title=\"budowlanka\"\/><\/a><\/figure><\/div>\n\n\n<p>W przesz\u0142o\u015bci o\u017cywienie artystycznej aktywno\u015bci oldboj\u00f3w mia\u0142o charakter cykliczny, wi\u0105za\u0142o si\u0119 bowiem \u015bci\u015ble z kolejnymi jubileuszami Zespo\u0142u, obchodzonymi uroczy\u015bcie co pi\u0119\u0107 lat. W programach jubileuszowych koncert\u00f3w galowych tradycyjne rezerwowano miejsce dla grupy oldboj\u00f3w, kt\u00f3ra prezentowa\u0142a specjalnie przygotowywane na te okazje suity regionalne z repertuaru Zespo\u0142u.<\/p>\n\n\n\n<p>Ostatnia reaktywacja artystycznej dzia\u0142alno\u015bci oldboj\u00f3w mia\u0142a zwi\u0105zek z kolejnym jubileuszem Zespo\u0142u w 2006 roku. Grupa zapale\u0144c\u00f3w pod przyw\u00f3dztwem Joanny Szczepa\u0144skiej postanowi\u0142a wtedy zadba\u0107 o&nbsp;utrzymanie kondycji artystycznej w sta\u0142ej gotowo\u015bci, poprzez odbywanie systematycznych pr\u00f3b. Pocz\u0105tkowo znacz\u0105c\u0105 rol\u0119 motywacyjn\u0105 do cotygodniowych spotka\u0144 odgrywa\u0142 ich aspekt towarzyski, ale z up\u0142ywem miesi\u0119cy sta\u0142o si\u0119 oczywiste, \u017ce mo\u017cliwe jest co\u015b wi\u0119cej: grupa jest w&nbsp;stanie przygotowa\u0107 samodzielny program do zaprezentowania na scenie.<\/p>\n\n\n<div class=\"wp-block-image\">\n<figure class=\"alignright\"><a href=\"https:\/\/cdn.ldev.pl\/spzpitpw.pl\/uploads\/2013\/01\/2010_pl_teatr.jpg\"><img decoding=\"async\" src=\"https:\/\/cdn.ldev.pl\/spzpitpw.pl\/uploads\/2013\/01\/2010_pl_teatr.jpg\" alt=\"\" class=\"wp-image-310\" title=\"2010_pl_teatr\"\/><\/a><\/figure><\/div>\n\n\n<p>Pracuj\u0105c od pocz\u0105tku pod opiek\u0105 artystyczn\u0105 trzech wytrwa\u0142ych pa\u0144: Marii Czupratowskiej-Semczuk (scenariusze, choreografia re\u017cyseria), Klary D\u0142u\u017cniewskiej (choreografia) i Ewy Kali\u0144skiej (kierownictwo muzyczne), Sekcja Oldboj\u00f3w ZPiT PW wyspecjalizowa\u0142a si\u0119 w przygotowywaniu okoliczno\u015bciowych widowisk, wymagaj\u0105cych &#8211; obok umiej\u0119tno\u015bci tanecznych i wokalnych &#8211; tak\u017ce zdolno\u015bci aktorskich.<\/p>\n\n\n\n<p>Oto dotychczasowy dorobek artystyczny Sekcji Oldboj\u00f3w, poczynaj\u0105c od &#8222;produkcji&#8221; naj\u015bwie\u017cszej:<\/p>\n\n\n\n<ul class=\"wp-block-list\">\n<li>2011 &#8211; znacz\u0105cy wk\u0142ad w przygotowanie widowiska &#8222;Warszawa bliska i daleka. Z syrenk\u0105 w herbie&#8221;, stanowi\u0105cego I cz\u0119\u015b\u0107 koncertu galowego z okazji jubileuszu 60-lecia ZPiT PW, kt\u00f3ry mia\u0142 miejsce w\u00a0Teatrze Wielkim-Operze Narodowej<\/li>\n\n\n\n<li>2011, 2010, 2009 &#8211; przygotowanie oprawy artystycznej Gali Z\u0142otej Ksi\u0119gi Absolwent\u00f3w Politechniki Warszawskiej<\/li>\n\n\n\n<li>2011 i 2010 &#8211; wyst\u0119py w ramach grudniowych Warszawskich Spotka\u0144 Wigilijnych na Pl. Teatralnym, z programami popularyzuj\u0105cymi folklor starowarszawski i przypominaj\u0105cymi ma\u0142o znane kol\u0119dy<\/li>\n\n\n\n<li>2010 &#8211; &#8222;Ta\u0144ce i piosenki starej Warszawy&#8221; &#8211; program przygotowany na zam\u00f3wienie Uniwersytetu Trzeciego Wieku, zaprezentowany w\u00a0Bibiotece Narodowej<\/li>\n\n\n\n<li>2009 &#8211; &#8222;Lw\u00f3w i Warszawa&#8221; &#8211; program zaprezentowany w Biela\u0144skim O\u015brodku Kultury<\/li>\n\n\n\n<li>2008 &#8211; specjalny program artystyczny w ramach cyklu &#8222;Wielka muzyka w ma\u0142ej auli&#8221;<\/li>\n\n\n\n<li>2008 &#8211; &#8222;Jest taka szko\u0142a&#8221; &#8211; program u\u015bwietniaj\u0105cy jubileusz 90-lecia Technikum Budowlanego Nr 1 im. Zdzis\u0142awa M\u0105cze\u0144skiego, szko\u0142y obj\u0119tej patronatem Politechniki Warszawskiej<\/li>\n\n\n\n<li>2007 &#8211; &#8222;Golgota Genera\u0142a Andersa&#8221; &#8211; okoliczno\u015bciowe widowisko przygotowane na zam\u00f3wienie Centralnej Bibioteki Wojskowej, w zwi\u0105zku z\u00a0mi\u0119dzynarodow\u0105 konferencj\u0105 z okazji obchodzonego roku genera\u0142a W\u0142adys\u0142awa Andersa<\/li>\n\n\n\n<li>2006 &#8211; &#8222;W kontusze, bracia&#8230;&#8221;<\/li>\n<\/ul>\n\n\n\n<p><\/p>\n","protected":false},"excerpt":{"rendered":"<p>Sekcja Oldboj\u00f3w ZPiT PW jest nieformaln\u0105 grup\u0105 artystyczn\u0105, kt\u00f3r\u0105 tworz\u0105 byli cz\u0142onkowie Zespo\u0142u. Tradycja tego rodzaju dzia\u0142alno\u015bci dor\u00f3wnuje wiekiem samemu Zespo\u0142owi, jest przejawem niezwyk\u0142ych wi\u0119zi, jakie powsta\u0142y pomi\u0119dzy cz\u0142onkami zespo\u0142owej spo\u0142eczno\u015bci w okresie ich kilku- czy&nbsp;kilkunastoletniej&nbsp;aktywno\u015bci w Zespole &#8211; na scenie i poza ni\u0105. W przesz\u0142o\u015bci o\u017cywienie artystycznej aktywno\u015bci oldboj\u00f3w mia\u0142o charakter cykliczny, wi\u0105za\u0142o si\u0119 &#8230; <a title=\"Grupa Oldboys\" class=\"read-more\" href=\"https:\/\/spzpitpw.pl\/index.php\/dzialalnosc\/grupa-oldboys\" aria-label=\"Read more about Grupa Oldboys\">Dowiedz si\u0119 wi\u0119cej<\/a><\/p>\n","protected":false},"author":3,"featured_media":0,"parent":3264,"menu_order":0,"comment_status":"closed","ping_status":"open","template":"","meta":{"footnotes":""},"class_list":["post-28","page","type-page","status-publish"],"_links":{"self":[{"href":"https:\/\/spzpitpw.pl\/index.php\/wp-json\/wp\/v2\/pages\/28","targetHints":{"allow":["GET"]}}],"collection":[{"href":"https:\/\/spzpitpw.pl\/index.php\/wp-json\/wp\/v2\/pages"}],"about":[{"href":"https:\/\/spzpitpw.pl\/index.php\/wp-json\/wp\/v2\/types\/page"}],"author":[{"embeddable":true,"href":"https:\/\/spzpitpw.pl\/index.php\/wp-json\/wp\/v2\/users\/3"}],"replies":[{"embeddable":true,"href":"https:\/\/spzpitpw.pl\/index.php\/wp-json\/wp\/v2\/comments?post=28"}],"version-history":[{"count":1,"href":"https:\/\/spzpitpw.pl\/index.php\/wp-json\/wp\/v2\/pages\/28\/revisions"}],"predecessor-version":[{"id":3262,"href":"https:\/\/spzpitpw.pl\/index.php\/wp-json\/wp\/v2\/pages\/28\/revisions\/3262"}],"up":[{"embeddable":true,"href":"https:\/\/spzpitpw.pl\/index.php\/wp-json\/wp\/v2\/pages\/3264"}],"wp:attachment":[{"href":"https:\/\/spzpitpw.pl\/index.php\/wp-json\/wp\/v2\/media?parent=28"}],"curies":[{"name":"wp","href":"https:\/\/api.w.org\/{rel}","templated":true}]}}