{"id":3159,"date":"2025-01-20T12:00:00","date_gmt":"2025-01-20T11:00:00","guid":{"rendered":"https:\/\/spzpitpw.pl\/?page_id=3159"},"modified":"2025-03-30T14:12:24","modified_gmt":"2025-03-30T12:12:24","slug":"o-stowarzyszeniu","status":"publish","type":"page","link":"https:\/\/spzpitpw.pl\/index.php\/o-stowarzyszeniu","title":{"rendered":"O Stowarzyszeniu"},"content":{"rendered":"<div class=\"gb-container gb-container-f7f54b3b\">\n<div class=\"gb-container gb-container-470a1018\">\n\n<p><strong>Stowarzyszenie Przyjaci\u00f3\u0142 Zespo\u0142u Pie\u015bni i Ta\u0144ca Politechniki Warszawskiej<\/strong> powsta\u0142o w 2011 roku z&nbsp;inicjatywy by\u0142ych cz\u0142onk\u00f3w i instruktor\u00f3w Zespo\u0142u Pie\u015bni i Ta\u0144ca Politechniki Warszawskiej.&nbsp;<\/p>\n\n\n\n<p><strong>G\u0142\u00f3wne cele istnienia Stowarzyszenia to:<\/strong><\/p>\n\n\n\n<ul class=\"wp-block-list\">\n<li>integracja \u015brodowiska by\u0142ych i obecnych cz\u0142onk\u00f3w Zespo\u0142u Pie\u015bni i Ta\u0144ca Politechniki Warszawskiej oraz ich rodzin i przyjaci\u00f3\u0142,&nbsp;<\/li>\n\n\n\n<li>wspieranie organizacyjne i finansowe dzia\u0142alno\u015bci Zespo\u0142u Pie\u015bni i Ta\u0144ca Politechniki Warszawskiej,<\/li>\n\n\n\n<li>podejmowanie wszechstronnych dzia\u0142a\u0144 zmierzaj\u0105cych do podtrzymywania tradycji narodowej, piel\u0119gnowania polsko\u015bci oraz rozwoju \u015bwiadomo\u015bci narodowej, obywatelskiej i kulturowej, poprzez popularyzacj\u0119 i kultywowanie polskiej muzyki, pie\u015bni i&nbsp;ta\u0144ca ludowego.<\/li>\n<\/ul>\n\n\n\n<p class=\"has-text-align-left\"><strong>Stowarzyszenie realizuje powy\u017csze cele poprzez:&nbsp;<\/strong><\/p>\n\n\n\n<ul class=\"wp-block-list\">\n<li>organizacj\u0119 spotka\u0144 i wyjazd\u00f3w integruj\u0105cych pokolenia wychowank\u00f3w Zespo\u0142u,&nbsp;<\/li>\n\n\n\n<li>pomoc w organizacji koncert\u00f3w i wyjazd\u00f3w Zespo\u0142u Pie\u015bni i Ta\u0144ca Politechniki Warszawskiej,<\/li>\n\n\n\n<li>sprawowanie opieki organizacyjnej nad Zespo\u0142em Pie\u015bni i Ta\u0144ca &#8222;Mary\u015b&#8221;, kt\u00f3rego cz\u0142onkami s\u0105 wychowankowie Zespo\u0142u Pie\u015bni i Ta\u0144ca Politechniki Warszawskiej.<\/li>\n<\/ul>\n\n\n\n<p><strong>Ka\u017cdy mo\u017ce zosta\u0107 cz\u0142onkiem Stowarzyszenia.<\/strong><\/p>\n\n\n\n<p class=\"gb-headline gb-headline-bf05e386 gb-headline-text\">Zapraszamy do <a href=\"https:\/\/spzpitpw.pl\/index.php\/jak-dolaczyc\" data-type=\"page\" data-id=\"67\">z\u0142o\u017cenia deklaracji cz\u0142onkostwa<\/a>, wspierania ZPiTPW oraz do aktywno\u015bci artystycznej w ZPiT &#8222;Mary\u015b&#8221;.<\/p>\n\n\n\n<h4 class=\"gb-headline gb-headline-409239aa gb-headline-text\"><a href=\"https:\/\/spzpitpw.pl\/index.php\/konto-bankowe\" data-type=\"page\" data-id=\"64\">Rachunek bankowy Stowarzyszenia<\/a><\/h4>\n\n\n\n<h4 class=\"gb-headline gb-headline-d9cfdd8c gb-headline-text\"><a href=\"https:\/\/spzpitpw.pl\/index.php\/regulamin-oplacania-skladek\" data-type=\"page\" data-id=\"83\">Regulamin op\u0142acania sk\u0142adek cz\u0142onkowskich<\/a><\/h4>\n\n<\/div>\n<\/div>","protected":false},"excerpt":{"rendered":"<p>Stowarzyszenie Przyjaci\u00f3\u0142 Zespo\u0142u Pie\u015bni i Ta\u0144ca Politechniki Warszawskiej powsta\u0142o w 2011 roku z&nbsp;inicjatywy by\u0142ych cz\u0142onk\u00f3w i instruktor\u00f3w Zespo\u0142u Pie\u015bni i Ta\u0144ca Politechniki Warszawskiej.&nbsp; G\u0142\u00f3wne cele istnienia Stowarzyszenia to: Stowarzyszenie realizuje powy\u017csze cele poprzez:&nbsp; Ka\u017cdy mo\u017ce zosta\u0107 cz\u0142onkiem Stowarzyszenia. Zapraszamy do z\u0142o\u017cenia deklaracji cz\u0142onkostwa, wspierania ZPiTPW oraz do aktywno\u015bci artystycznej w ZPiT &#8222;Mary\u015b&#8221;. Rachunek bankowy Stowarzyszenia &#8230; <a title=\"O Stowarzyszeniu\" class=\"read-more\" href=\"https:\/\/spzpitpw.pl\/index.php\/o-stowarzyszeniu\" aria-label=\"Read more about O Stowarzyszeniu\">Dowiedz si\u0119 wi\u0119cej<\/a><\/p>\n","protected":false},"author":1,"featured_media":0,"parent":0,"menu_order":0,"comment_status":"closed","ping_status":"closed","template":"","meta":{"footnotes":""},"class_list":["post-3159","page","type-page","status-publish"],"_links":{"self":[{"href":"https:\/\/spzpitpw.pl\/index.php\/wp-json\/wp\/v2\/pages\/3159","targetHints":{"allow":["GET"]}}],"collection":[{"href":"https:\/\/spzpitpw.pl\/index.php\/wp-json\/wp\/v2\/pages"}],"about":[{"href":"https:\/\/spzpitpw.pl\/index.php\/wp-json\/wp\/v2\/types\/page"}],"author":[{"embeddable":true,"href":"https:\/\/spzpitpw.pl\/index.php\/wp-json\/wp\/v2\/users\/1"}],"replies":[{"embeddable":true,"href":"https:\/\/spzpitpw.pl\/index.php\/wp-json\/wp\/v2\/comments?post=3159"}],"version-history":[{"count":3,"href":"https:\/\/spzpitpw.pl\/index.php\/wp-json\/wp\/v2\/pages\/3159\/revisions"}],"predecessor-version":[{"id":3167,"href":"https:\/\/spzpitpw.pl\/index.php\/wp-json\/wp\/v2\/pages\/3159\/revisions\/3167"}],"wp:attachment":[{"href":"https:\/\/spzpitpw.pl\/index.php\/wp-json\/wp\/v2\/media?parent=3159"}],"curies":[{"name":"wp","href":"https:\/\/api.w.org\/{rel}","templated":true}]}}