{"id":3264,"date":"2025-03-27T23:55:40","date_gmt":"2025-03-27T22:55:40","guid":{"rendered":"https:\/\/spzpitpw.pl\/?page_id=3264"},"modified":"2025-03-30T20:17:00","modified_gmt":"2025-03-30T18:17:00","slug":"dzialalnosc","status":"publish","type":"page","link":"https:\/\/spzpitpw.pl\/index.php\/dzialalnosc","title":{"rendered":"Dzia\u0142alno\u015b\u0107 Stowarzyszenia"},"content":{"rendered":"<div class=\"gb-container gb-container-f7f54b3b\">\n\n<p><strong>Stowarzyszenie Przyjaci\u00f3\u0142 Zespo\u0142u Pie\u015bni i Ta\u0144ca Politechniki Warszawskiej<\/strong> powsta\u0142o w 2011 roku jako kontynuacja dzia\u0142alno\u015bci nieformalnej grupy aktywnych wychowank\u00f3w ZPiT czyli czyli <strong>Klubu Przyjaci\u00f3\u0142 Zespo\u0142u<\/strong>. Spotkanie za\u0142o\u017cycielskie Klubu odby\u0142o si\u0119 <strong>13 stycznia 2007<\/strong>, a pierwsze zebranie Zarz\u0105du Klubu <strong>28 marca 2007<\/strong>.<\/p>\n\n\n\n<div class=\"wp-block-file\"><a id=\"wp-block-file--media-8d1023c9-261c-434d-8283-f654ccbb246f\" href=\"https:\/\/cdn.ldev.pl\/spzpitpw.pl\/uploads\/2025\/03\/Zebranie-KP-ZPiTPW-2007.pdf\">Protok\u00f3\u0142 z zebrania Klubu Przyjaci\u00f3\u0142 ZPiTPW z 2007 r.<\/a><a href=\"https:\/\/cdn.ldev.pl\/spzpitpw.pl\/uploads\/2025\/03\/Zebranie-KP-ZPiTPW-2007.pdf\" class=\"wp-block-file__button wp-element-button\" download aria-describedby=\"wp-block-file--media-8d1023c9-261c-434d-8283-f654ccbb246f\">Pobierz<\/a><\/div>\n\n\n\n<p><\/p>\n\n\n\n<p>Pierwotnie Klub mia\u0142 dzia\u0142a\u0107 w ramach <strong>Stowarzyszenia Absolwent\u00f3w i Przyjaci\u00f3\u0142 Politechniki Warszawskiej<\/strong>, zar\u00f3wno w zakresie organizacyjnym, jak i w zakresie rozlicze\u0144 ksi\u0119gowo-finansowych. G\u0142\u00f3wnym z cel\u00f3w dzia\u0142alno\u015bci Klubu Przyjaci\u00f3\u0142 by\u0142a integracja r\u00f3\u017cnych pokole\u0144 wychowank\u00f3w Zespo\u0142u oraz szukanie mo\u017cliwo\u015bci koncertowania dla tworz\u0105cej si\u0119 w\u00f3wczas przy Zespole grupy Oldboj\u00f3w.<\/p>\n\n\n\n<p>Niestety szybko okaza\u0142o si\u0119, \u017ce w zwi\u0105zku z nadchodz\u0105cym Jubileuszem Zespo\u0142u Pie\u015bni i Ta\u0144ca oraz konieczno\u015bci\u0105 wyst\u0119powania przed r\u00f3\u017cnymi instytucjami jako osoba prawna, Klub nie jest wystarczaj\u0105cym partnerem do rozm\u00f3w. W\u00f3wczas powsta\u0142 pomys\u0142, aby w miejsce Klubu powo\u0142a\u0107 Stowarzyszenie &#8211; i tak <strong>16 listopada 2010 roku odby\u0142o si\u0119 Zebranie Za\u0142o\u017cycielskie Stowarzyszenia Przyjaci\u00f3\u0142 Zespo\u0142u Pie\u015bni i Ta\u0144ca Politechniki Warszawskiej<\/strong>, a <strong>10 marca 2011 roku Stowarzyszenie zosta\u0142o wpisane do Krajowego Rejestru S\u0105dowego<\/strong>.&nbsp;<\/p>\n\n\n\n<p>G\u0142\u00f3wnym celem Stowarzyszenia, obok integracji \u015brodowiska by\u0142ych i obecnych cz\u0142onk\u00f3w Zespo\u0142u Pie\u015bni i Ta\u0144ca Politechniki Warszawskiej, jest wspieranie organizacyjne i finansowe Zespo\u0142u.<\/p>\n\n\n\n<p>Stowarzyszenie realizuje swoje cele poprzez:<\/p>\n\n\n\n<ul class=\"wp-block-list\">\n<li>opiek\u0119 organizacyjn\u0105 nad grup\u0105 artystyczn\u0105 Oldboj\u00f3w, dzia\u0142aj\u0105c\u0105 od 2008 roku &#8211; od 2022 jako <em>Zesp\u00f3\u0142 Pie\u015bni i Ta\u0144ca &#8222;Mary\u015b<\/em>&#8222;,<\/li>\n\n\n\n<li>organizacj\u0119 koncert\u00f3w Zespo\u0142u Pie\u015bni i Ta\u0144ca PW oraz koncert\u00f3w Zespo\u0142u Mary\u015b, w tym licznych koncert\u00f3w charytatywnych,<\/li>\n\n\n\n<li>piel\u0119gnowanie tradycji zespo\u0142owej poprzez zachowanie i odtwarzanie dawnego repertuaru ZPiTPW,<\/li>\n\n\n\n<li>wsp\u00f3\u0142organizacj\u0119 jubileusz\u00f3w ZPiTPW oraz licznych imprez okoliczno\u015bciowych,<\/li>\n\n\n\n<li>wsparcie finansowe i organizacyjne wyjazd\u00f3w zagranicznych Zespo\u0142u Pie\u015bni i Ta\u0144ca PW,<\/li>\n\n\n\n<li>pomoc w uzyskaniu grant\u00f3w i dofinansowania dla ZPiTPW,<\/li>\n\n\n\n<li>organizacj\u0119 wsp\u00f3lnych, dla cz\u0142onk\u00f3w i wychowank\u00f3w Zespo\u0142u, wyjazd\u00f3w integracyjnych.<\/li>\n<\/ul>\n\n<\/div>\n\n<div class=\"gb-container gb-container-2a5f879a\">\n<div class=\"gb-container gb-container-76e77332\">\n\n<h2 class=\"gb-headline gb-headline-44a229b4 gb-headline-text\">Ostatnie wiadomo\u015bci o dzia\u0142alno\u015bci Stowarzyszenia<\/h2>\n\n<\/div>\n\n<div class=\"gb-container gb-container-a02580c4\">\n\n<div class=\"gb-grid-wrapper gb-grid-wrapper-7cf3928d gb-query-loop-wrapper\">\n<div class=\"gb-grid-column gb-grid-column-80fb6ed0 gb-query-loop-item post-3669 post type-post status-publish format-standard has-post-thumbnail hentry category-aktualnosci category-dzialalnosc category-grupa-oldboys tag-113 tag-gmach-glowny tag-integracja tag-koncerty tag-urodziny tag-zespol\"><div class=\"gb-container gb-container-80fb6ed0\">\n<figure class=\"gb-block-image gb-block-image-8aac1076\"><a href=\"https:\/\/spzpitpw.pl\/index.php\/dzialalnosc\/202603\/jubileusz-95-lecia-pani-marii\"><img loading=\"lazy\" decoding=\"async\" width=\"1200\" height=\"675\" src=\"https:\/\/cdn.ldev.pl\/spzpitpw.pl\/uploads\/2026\/04\/2026-Pani-Maria-zajawka-1920x1080.jpg\" class=\"gb-image-8aac1076\" alt=\"2026 Pani Maria zajawka\" srcset=\"https:\/\/cdn.ldev.pl\/spzpitpw.pl\/uploads\/2026\/04\/2026-Pani-Maria-zajawka-1920x1080.jpg 1920w, https:\/\/cdn.ldev.pl\/spzpitpw.pl\/uploads\/2026\/04\/2026-Pani-Maria-zajawka-500x281.jpg 500w, https:\/\/cdn.ldev.pl\/spzpitpw.pl\/uploads\/2026\/04\/2026-Pani-Maria-zajawka-768x432.jpg 768w, https:\/\/cdn.ldev.pl\/spzpitpw.pl\/uploads\/2026\/04\/2026-Pani-Maria-zajawka-1536x864.jpg 1536w, https:\/\/cdn.ldev.pl\/spzpitpw.pl\/uploads\/2026\/04\/2026-Pani-Maria-zajawka.jpg 2000w\" sizes=\"auto, (max-width: 1200px) 100vw, 1200px\" \/><\/a><\/figure>\n\n<div class=\"gb-container gb-container-49eb78d8\">\n<div class=\"gb-headline gb-headline-82b13348 gb-headline-text\"><time class=\"entry-date published\" datetime=\"2026-03-30T12:00:00+02:00\">30.03.2026<\/time><\/div>\n\n<h3 class=\"gb-headline gb-headline-9f1c486f gb-headline-text\"><a href=\"https:\/\/spzpitpw.pl\/index.php\/dzialalnosc\/202603\/jubileusz-95-lecia-pani-marii\">Jubileusz 95-lecia Pani Marii Czupratowskiej-Semczuk<\/a><\/h3>\n\n<div class=\"gb-headline gb-headline-c8bec0e2 gb-headline-text\">25 marca 2026 roku w Ma\u0142ej Auli Politechniki Warszawskiej odby\u0142a si\u0119 wyj\u0105tkowa uroczysto\u015b\u0107. Okazj\u0105 by\u0142y 95 urodziny Pani Marii Czupratowskiej-Semczuk. Wydarzenie zgromadzi\u0142o licznych go\u015bci, w tym przyjaci\u00f3\u0142 Pani Marii z &#8230;<\/div>\n\n<a class=\"gb-button gb-button-57e19617 gb-button-text\" href=\"https:\/\/spzpitpw.pl\/index.php\/dzialalnosc\/202603\/jubileusz-95-lecia-pani-marii\">\u00bb czytaj dalej<\/a>\n<\/div>\n<\/div><\/div>\n\n<div class=\"gb-grid-column gb-grid-column-80fb6ed0 gb-query-loop-item post-3506 post type-post status-publish format-standard has-post-thumbnail hentry category-aktualnosci category-dzialalnosc category-sprawozdania tag-104 tag-sprawozdania tag-stowarzyszenie tag-zarzad\"><div class=\"gb-container gb-container-80fb6ed0\">\n<figure class=\"gb-block-image gb-block-image-8aac1076\"><a href=\"https:\/\/spzpitpw.pl\/index.php\/sprawozdania\/202506\/zwyczajne-walne-zebranie-2025\"><img loading=\"lazy\" decoding=\"async\" width=\"1024\" height=\"683\" src=\"https:\/\/cdn.ldev.pl\/spzpitpw.pl\/uploads\/2012\/06\/sprawozdania_grafika.jpg\" class=\"gb-image-8aac1076\" alt=\"Grafika pod artyku\u0142y sprawozdawcze\" srcset=\"https:\/\/cdn.ldev.pl\/spzpitpw.pl\/uploads\/2012\/06\/sprawozdania_grafika.jpg 1024w, https:\/\/cdn.ldev.pl\/spzpitpw.pl\/uploads\/2012\/06\/sprawozdania_grafika-500x333.jpg 500w, https:\/\/cdn.ldev.pl\/spzpitpw.pl\/uploads\/2012\/06\/sprawozdania_grafika-768x512.jpg 768w\" sizes=\"auto, (max-width: 1024px) 100vw, 1024px\" \/><\/a><\/figure>\n\n<div class=\"gb-container gb-container-49eb78d8\">\n<div class=\"gb-headline gb-headline-82b13348 gb-headline-text\"><time class=\"entry-date published\" datetime=\"2025-06-28T16:00:00+02:00\">28.06.2025<\/time><\/div>\n\n<h3 class=\"gb-headline gb-headline-9f1c486f gb-headline-text\"><a href=\"https:\/\/spzpitpw.pl\/index.php\/sprawozdania\/202506\/zwyczajne-walne-zebranie-2025\">Zwyczajne Walne Zebranie SPZPiTPW &#8211; 26.06.2025<\/a><\/h3>\n\n<div class=\"gb-headline gb-headline-c8bec0e2 gb-headline-text\">W dniu 26 czerwca 2025 r. odby\u0142o si\u0119 w siedzibie Zespo\u0142u Pie\u015bni i Ta\u0144ca Zwyczajne Walne Zebranie Stowarzyszenia Przyjaci\u00f3\u0142 Zespo\u0142u Pie\u015bni i Ta\u0144ca Politechniki Warszawskiej. W Zebraniu uczestniczy\u0142o 36 os\u00f3b &#8230;<\/div>\n\n<a class=\"gb-button gb-button-57e19617 gb-button-text\" href=\"https:\/\/spzpitpw.pl\/index.php\/sprawozdania\/202506\/zwyczajne-walne-zebranie-2025\">\u00bb czytaj dalej<\/a>\n<\/div>\n<\/div><\/div>\n\n<div class=\"gb-grid-column gb-grid-column-80fb6ed0 gb-query-loop-item post-3486 post type-post status-publish format-standard has-post-thumbnail hentry category-aktualnosci category-dzialalnosc category-sprawozdania tag-104 tag-sprawozdania tag-stowarzyszenie tag-zarzad\"><div class=\"gb-container gb-container-80fb6ed0\">\n<figure class=\"gb-block-image gb-block-image-8aac1076\"><a href=\"https:\/\/spzpitpw.pl\/index.php\/sprawozdania\/202506\/zawiadomienie-o-walnym-zgromadzeniu-2025\"><img loading=\"lazy\" decoding=\"async\" width=\"1024\" height=\"683\" src=\"https:\/\/cdn.ldev.pl\/spzpitpw.pl\/uploads\/2012\/06\/sprawozdania_grafika.jpg\" class=\"gb-image-8aac1076\" alt=\"Grafika pod artyku\u0142y sprawozdawcze\" srcset=\"https:\/\/cdn.ldev.pl\/spzpitpw.pl\/uploads\/2012\/06\/sprawozdania_grafika.jpg 1024w, https:\/\/cdn.ldev.pl\/spzpitpw.pl\/uploads\/2012\/06\/sprawozdania_grafika-500x333.jpg 500w, https:\/\/cdn.ldev.pl\/spzpitpw.pl\/uploads\/2012\/06\/sprawozdania_grafika-768x512.jpg 768w\" sizes=\"auto, (max-width: 1024px) 100vw, 1024px\" \/><\/a><\/figure>\n\n<div class=\"gb-container gb-container-49eb78d8\">\n<div class=\"gb-headline gb-headline-82b13348 gb-headline-text\"><time class=\"entry-date published\" datetime=\"2025-06-04T17:00:00+02:00\">04.06.2025<\/time><\/div>\n\n<h3 class=\"gb-headline gb-headline-9f1c486f gb-headline-text\"><a href=\"https:\/\/spzpitpw.pl\/index.php\/sprawozdania\/202506\/zawiadomienie-o-walnym-zgromadzeniu-2025\">Zawiadomienie o zwo\u0142aniu Zwyczajnego Walnego Zgromadzenia 26.06.2025<\/a><\/h3>\n\n<div class=\"gb-headline gb-headline-c8bec0e2 gb-headline-text\">Dzia\u0142aj\u0105c na podstawie \u00a7 19 Statutu, Zarz\u0105d Stowarzyszenia Przyjaci\u00f3\u0142 Zespo\u0142u Pie\u015bni i Ta\u0144ca Politechniki Warszawskiej zwo\u0142uje Zwyczajne Walne Zebranie Stowarzyszenia, kt\u00f3re odb\u0119dzie si\u0119 w dniu 26 czerwca 2025 roku (czwartek) &#8230;<\/div>\n\n<a class=\"gb-button gb-button-57e19617 gb-button-text\" href=\"https:\/\/spzpitpw.pl\/index.php\/sprawozdania\/202506\/zawiadomienie-o-walnym-zgromadzeniu-2025\">\u00bb czytaj dalej<\/a>\n<\/div>\n<\/div><\/div>\n\n<div class=\"gb-grid-column gb-grid-column-80fb6ed0 gb-query-loop-item post-3475 post type-post status-publish format-standard has-post-thumbnail hentry category-aktualnosci category-dzialalnosc tag-104 tag-stowarzyszenie tag-warszawa tag-zespol\"><div class=\"gb-container gb-container-80fb6ed0\">\n<figure class=\"gb-block-image gb-block-image-8aac1076\"><a href=\"https:\/\/spzpitpw.pl\/index.php\/dzialalnosc\/202505\/pani-maria-udekorowana-orderem-sw-stanislawa\"><img loading=\"lazy\" decoding=\"async\" width=\"910\" height=\"1368\" src=\"https:\/\/cdn.ldev.pl\/spzpitpw.pl\/uploads\/2025\/05\/2025.05.11-Order-Marysi-Semczuk-43.jpg\" class=\"gb-image-8aac1076\" alt=\"2025 Order dla Pani Marii - 43\" srcset=\"https:\/\/cdn.ldev.pl\/spzpitpw.pl\/uploads\/2025\/05\/2025.05.11-Order-Marysi-Semczuk-43.jpg 910w, https:\/\/cdn.ldev.pl\/spzpitpw.pl\/uploads\/2025\/05\/2025.05.11-Order-Marysi-Semczuk-43-333x500.jpg 333w, https:\/\/cdn.ldev.pl\/spzpitpw.pl\/uploads\/2025\/05\/2025.05.11-Order-Marysi-Semczuk-43-768x1155.jpg 768w\" sizes=\"auto, (max-width: 910px) 100vw, 910px\" \/><\/a><\/figure>\n\n<div class=\"gb-container gb-container-49eb78d8\">\n<div class=\"gb-headline gb-headline-82b13348 gb-headline-text\"><time class=\"entry-date published\" datetime=\"2025-05-15T18:00:00+02:00\">15.05.2025<\/time><\/div>\n\n<h3 class=\"gb-headline gb-headline-9f1c486f gb-headline-text\"><a href=\"https:\/\/spzpitpw.pl\/index.php\/dzialalnosc\/202505\/pani-maria-udekorowana-orderem-sw-stanislawa\">Pani Maria udekorowana Orderem \u015bw. Stanis\u0142awa<\/a><\/h3>\n\n<div class=\"gb-headline gb-headline-c8bec0e2 gb-headline-text\">11 maja 2025 roku Pani Maria Czupratowska-Semczuk zosta\u0142a udekorowana Orderem \u015bw. Stanis\u0142awa. Uroczysta Inwestytura Orderu odby\u0142a si\u0119 w Bazylice \u015awi\u0119tego Krzy\u017ca w Warszawie o godzinie 13:00, a\u00a0ceremoni\u0119 zorganizowa\u0142a Wielka Narodowa &#8230;<\/div>\n\n<a class=\"gb-button gb-button-57e19617 gb-button-text\" href=\"https:\/\/spzpitpw.pl\/index.php\/dzialalnosc\/202505\/pani-maria-udekorowana-orderem-sw-stanislawa\">\u00bb czytaj dalej<\/a>\n<\/div>\n<\/div><\/div>\n\n<div class=\"gb-grid-column gb-grid-column-80fb6ed0 gb-query-loop-item post-3399 post type-post status-publish format-standard has-post-thumbnail hentry category-aktualnosci category-dzialalnosc category-integracja tag-104 tag-oldboys tag-integracja tag-spotkania tag-zespol\"><div class=\"gb-container gb-container-80fb6ed0\">\n<figure class=\"gb-block-image gb-block-image-8aac1076\"><a href=\"https:\/\/spzpitpw.pl\/index.php\/dzialalnosc\/202504\/spotkanie-seniorow-zpit-pw-2025\"><img loading=\"lazy\" decoding=\"async\" width=\"1200\" height=\"676\" src=\"https:\/\/cdn.ldev.pl\/spzpitpw.pl\/uploads\/2025\/04\/IMG-20250413-WA0046-1920x1081.jpg\" class=\"gb-image-8aac1076\" alt=\"Spotkanie Senior\u00f3w ZPiTPW 2025 46\" srcset=\"https:\/\/cdn.ldev.pl\/spzpitpw.pl\/uploads\/2025\/04\/IMG-20250413-WA0046-1920x1081.jpg 1920w, https:\/\/cdn.ldev.pl\/spzpitpw.pl\/uploads\/2025\/04\/IMG-20250413-WA0046-500x281.jpg 500w, https:\/\/cdn.ldev.pl\/spzpitpw.pl\/uploads\/2025\/04\/IMG-20250413-WA0046-768x432.jpg 768w, https:\/\/cdn.ldev.pl\/spzpitpw.pl\/uploads\/2025\/04\/IMG-20250413-WA0046-1536x865.jpg 1536w, https:\/\/cdn.ldev.pl\/spzpitpw.pl\/uploads\/2025\/04\/IMG-20250413-WA0046.jpg 2048w\" sizes=\"auto, (max-width: 1200px) 100vw, 1200px\" \/><\/a><\/figure>\n\n<div class=\"gb-container gb-container-49eb78d8\">\n<div class=\"gb-headline gb-headline-82b13348 gb-headline-text\"><time class=\"entry-date published\" datetime=\"2025-04-15T11:45:45+02:00\">15.04.2025<\/time><\/div>\n\n<h3 class=\"gb-headline gb-headline-9f1c486f gb-headline-text\"><a href=\"https:\/\/spzpitpw.pl\/index.php\/dzialalnosc\/202504\/spotkanie-seniorow-zpit-pw-2025\">Spotkanie Senior\u00f3w ZPiT PW<\/a><\/h3>\n\n<div class=\"gb-headline gb-headline-c8bec0e2 gb-headline-text\">Z inicjatywy Stowarzyszenia Przyjaci\u00f3\u0142 Zespo\u0142u Pie\u015bni i Ta\u0144ca PW,&nbsp;w dniu 11 kwietnia o godzinie 18:00, w warszawskiej kawiarni Czytelnik przy ul. Wiejskiej 11A, odby\u0142o si\u0119 wyj\u0105tkowe spotkanie. Mia\u0142o ono szczeg\u00f3lny &#8230;<\/div>\n\n<a class=\"gb-button gb-button-57e19617 gb-button-text\" href=\"https:\/\/spzpitpw.pl\/index.php\/dzialalnosc\/202504\/spotkanie-seniorow-zpit-pw-2025\">\u00bb czytaj dalej<\/a>\n<\/div>\n<\/div><\/div>\n\n<div class=\"gb-grid-column gb-grid-column-80fb6ed0 gb-query-loop-item post-2999 post type-post status-publish format-standard has-post-thumbnail hentry category-aktualnosci category-dzialalnosc category-sprawozdania tag-102 tag-sprawozdania tag-stowarzyszenie tag-zarzad\"><div class=\"gb-container gb-container-80fb6ed0\">\n<figure class=\"gb-block-image gb-block-image-8aac1076\"><a href=\"https:\/\/spzpitpw.pl\/index.php\/sprawozdania\/202406\/zwyczajne-walne-zebranie-2024\"><img loading=\"lazy\" decoding=\"async\" width=\"1200\" height=\"599\" src=\"https:\/\/cdn.ldev.pl\/spzpitpw.pl\/uploads\/2025\/01\/grupowe_glowna_2024.jpg\" class=\"gb-image-8aac1076\" alt=\"Sesja zdj\u0119ciowa Warszawa 2024\" srcset=\"https:\/\/cdn.ldev.pl\/spzpitpw.pl\/uploads\/2025\/01\/grupowe_glowna_2024.jpg 1600w, https:\/\/cdn.ldev.pl\/spzpitpw.pl\/uploads\/2025\/01\/grupowe_glowna_2024-500x249.jpg 500w, https:\/\/cdn.ldev.pl\/spzpitpw.pl\/uploads\/2025\/01\/grupowe_glowna_2024-768x383.jpg 768w, https:\/\/cdn.ldev.pl\/spzpitpw.pl\/uploads\/2025\/01\/grupowe_glowna_2024-1536x766.jpg 1536w\" sizes=\"auto, (max-width: 1200px) 100vw, 1200px\" \/><\/a><\/figure>\n\n<div class=\"gb-container gb-container-49eb78d8\">\n<div class=\"gb-headline gb-headline-82b13348 gb-headline-text\"><time class=\"entry-date published\" datetime=\"2024-06-25T23:32:29+02:00\">25.06.2024<\/time><\/div>\n\n<h3 class=\"gb-headline gb-headline-9f1c486f gb-headline-text\"><a href=\"https:\/\/spzpitpw.pl\/index.php\/sprawozdania\/202406\/zwyczajne-walne-zebranie-2024\">Zwyczajne Walne Zebranie SPZPiTPW &#8211; 13.06.2024<\/a><\/h3>\n\n<div class=\"gb-headline gb-headline-c8bec0e2 gb-headline-text\">W dniu 13 czerwca 2024 r. odby\u0142o si\u0119 w siedzibie Zespo\u0142u Pie\u015bni i Ta\u0144ca Zwyczajne Walne Zebranie Stowarzyszenia Przyjaci\u00f3\u0142 Zespo\u0142u Pie\u015bni i Ta\u0144ca Politechniki Warszawskiej. W Zebraniu uczestniczy\u0142y 34 osoby &#8230;<\/div>\n\n<a class=\"gb-button gb-button-57e19617 gb-button-text\" href=\"https:\/\/spzpitpw.pl\/index.php\/sprawozdania\/202406\/zwyczajne-walne-zebranie-2024\">\u00bb czytaj dalej<\/a>\n<\/div>\n<\/div><\/div>\n<\/div>\n\n<\/div>\n<\/div>\n\n\n<h4 class=\"gb-headline gb-headline-1dcf40de gb-headline-text\"><a href=\"https:\/\/spzpitpw.pl\/index.php\/kategoria\/dzialalnosc\" data-type=\"category\" data-id=\"2\">Archiwalne wpisy z dzia\u0142alno\u015bci Stowarzyszenia<\/a><\/h4>\n","protected":false},"excerpt":{"rendered":"<p>Stowarzyszenie Przyjaci\u00f3\u0142 Zespo\u0142u Pie\u015bni i Ta\u0144ca Politechniki Warszawskiej powsta\u0142o w 2011 roku jako kontynuacja dzia\u0142alno\u015bci nieformalnej grupy aktywnych wychowank\u00f3w ZPiT czyli czyli Klubu Przyjaci\u00f3\u0142 Zespo\u0142u. Spotkanie za\u0142o\u017cycielskie Klubu odby\u0142o si\u0119 13 stycznia 2007, a pierwsze zebranie Zarz\u0105du Klubu 28 marca 2007. Pierwotnie Klub mia\u0142 dzia\u0142a\u0107 w ramach Stowarzyszenia Absolwent\u00f3w i Przyjaci\u00f3\u0142 Politechniki Warszawskiej, zar\u00f3wno w &#8230; <a title=\"Dzia\u0142alno\u015b\u0107 Stowarzyszenia\" class=\"read-more\" href=\"https:\/\/spzpitpw.pl\/index.php\/dzialalnosc\" aria-label=\"Read more about Dzia\u0142alno\u015b\u0107 Stowarzyszenia\">Dowiedz si\u0119 wi\u0119cej<\/a><\/p>\n","protected":false},"author":1,"featured_media":0,"parent":0,"menu_order":0,"comment_status":"closed","ping_status":"closed","template":"","meta":{"footnotes":""},"class_list":["post-3264","page","type-page","status-publish"],"_links":{"self":[{"href":"https:\/\/spzpitpw.pl\/index.php\/wp-json\/wp\/v2\/pages\/3264","targetHints":{"allow":["GET"]}}],"collection":[{"href":"https:\/\/spzpitpw.pl\/index.php\/wp-json\/wp\/v2\/pages"}],"about":[{"href":"https:\/\/spzpitpw.pl\/index.php\/wp-json\/wp\/v2\/types\/page"}],"author":[{"embeddable":true,"href":"https:\/\/spzpitpw.pl\/index.php\/wp-json\/wp\/v2\/users\/1"}],"replies":[{"embeddable":true,"href":"https:\/\/spzpitpw.pl\/index.php\/wp-json\/wp\/v2\/comments?post=3264"}],"version-history":[{"count":2,"href":"https:\/\/spzpitpw.pl\/index.php\/wp-json\/wp\/v2\/pages\/3264\/revisions"}],"predecessor-version":[{"id":3360,"href":"https:\/\/spzpitpw.pl\/index.php\/wp-json\/wp\/v2\/pages\/3264\/revisions\/3360"}],"wp:attachment":[{"href":"https:\/\/spzpitpw.pl\/index.php\/wp-json\/wp\/v2\/media?parent=3264"}],"curies":[{"name":"wp","href":"https:\/\/api.w.org\/{rel}","templated":true}]}}