{"id":42,"date":"2024-10-22T20:33:19","date_gmt":"2024-10-22T18:33:19","guid":{"rendered":"https:\/\/spzpitpw.pl\/?page_id=42"},"modified":"2025-03-30T14:17:44","modified_gmt":"2025-03-30T12:17:44","slug":"glowna","status":"publish","type":"page","link":"https:\/\/spzpitpw.pl\/","title":{"rendered":"Strona g\u0142\u00f3wna"},"content":{"rendered":"<div class=\"gb-container gb-container-91314269\">\n<div class=\"gb-container gb-container-c9c028ad\">\n<div class=\"gb-container gb-container-315bd040\">\n\n<h1 class=\"gb-headline gb-headline-08e5215c gb-headline-text text-shadowed\">Integrujemy zespo\u0142owe pokolenia<\/h1>\n\n\n<div class=\"gb-container gb-container-1363ba91\">\n\n<a class=\"gb-button gb-button-97632fff gb-button-text\" href=\"https:\/\/spzpitpw.pl\/index.php\/jak-dolaczyc\">Do\u0142\u0105cz do nas!<\/a>\n\n\n\n<a class=\"gb-button gb-button-c4ec392d gb-button-text\" href=\"https:\/\/spzpitpw.pl\/index.php\/statut\">Zobacz nasz Statut<\/a>\n\n<\/div>\n<\/div>\n<\/div>\n<\/div>\n\n<div class=\"gb-container gb-container-2a5f879a\">\n<div class=\"gb-container gb-container-76e77332\">\n\n<h2 class=\"gb-headline gb-headline-44a229b4 gb-headline-text\">Aktualno\u015bci z \u017cycia Stowarzyszenia<\/h2>\n\n<\/div>\n\n<div class=\"gb-container gb-container-a02580c4\">\n\n<div class=\"gb-grid-wrapper gb-grid-wrapper-7cf3928d gb-query-loop-wrapper\">\n<div class=\"gb-grid-column gb-grid-column-80fb6ed0 gb-query-loop-item post-3787 post type-post status-publish format-standard has-post-thumbnail hentry category-aktualnosci category-dzialalnosc category-grupa-oldboys tag-104 tag-brazylia tag-oldboys tag-koncerty tag-podroze\"><div class=\"gb-container gb-container-80fb6ed0\">\n<figure class=\"gb-block-image gb-block-image-8aac1076\"><a href=\"https:\/\/spzpitpw.pl\/index.php\/dzialalnosc\/202605\/zespol-piesni-i-tanca-marys-w-brazylii\"><img loading=\"lazy\" decoding=\"async\" width=\"1200\" height=\"675\" src=\"https:\/\/cdn.ldev.pl\/spzpitpw.pl\/uploads\/2026\/05\/2025-Brazylia-zajawka-1920x1080.jpg\" class=\"gb-image-8aac1076\" alt=\"2025 Brazylia - zajawka\" srcset=\"https:\/\/cdn.ldev.pl\/spzpitpw.pl\/uploads\/2026\/05\/2025-Brazylia-zajawka-1920x1080.jpg 1920w, https:\/\/cdn.ldev.pl\/spzpitpw.pl\/uploads\/2026\/05\/2025-Brazylia-zajawka-500x281.jpg 500w, https:\/\/cdn.ldev.pl\/spzpitpw.pl\/uploads\/2026\/05\/2025-Brazylia-zajawka-768x432.jpg 768w, https:\/\/cdn.ldev.pl\/spzpitpw.pl\/uploads\/2026\/05\/2025-Brazylia-zajawka-1536x864.jpg 1536w, https:\/\/cdn.ldev.pl\/spzpitpw.pl\/uploads\/2026\/05\/2025-Brazylia-zajawka.jpg 2040w\" sizes=\"auto, (max-width: 1200px) 100vw, 1200px\" \/><\/a><\/figure>\n\n<div class=\"gb-container gb-container-49eb78d8\">\n<div class=\"gb-headline gb-headline-82b13348 gb-headline-text\"><time class=\"entry-date published\" datetime=\"2026-05-01T12:00:00+02:00\">01.05.2026<\/time><\/div>\n\n<h3 class=\"gb-headline gb-headline-9f1c486f gb-headline-text\"><a href=\"https:\/\/spzpitpw.pl\/index.php\/dzialalnosc\/202605\/zespol-piesni-i-tanca-marys-w-brazylii\">Zesp\u00f3\u0142 Pie\u015bni i Ta\u0144ca &#8222;Mary\u015b&#8221; w Brazylii &#8211; wyj\u0105tkowa podr\u00f3\u017c \u015bladami historii i kultury<\/a><\/h3>\n\n<div class=\"gb-headline gb-headline-c8bec0e2 gb-headline-text\">W dniach 5\u201327 listopada 2025 roku Zesp\u00f3\u0142 Pie\u015bni i Ta\u0144ca MARY\u015a zrealizowa\u0142 niezwyk\u0142e tourn\u00e9e artystyczne do Brazylii. Pojechali\u015bmy na koncerty do Polonii brazylijskiej z programem zatytu\u0142owanym \u201eDroga Polak\u00f3w do Brazylii\u201d. &#8230;<\/div>\n\n<a class=\"gb-button gb-button-57e19617 gb-button-text\" href=\"https:\/\/spzpitpw.pl\/index.php\/dzialalnosc\/202605\/zespol-piesni-i-tanca-marys-w-brazylii\">\u00bb czytaj dalej<\/a>\n<\/div>\n<\/div><\/div>\n\n<div class=\"gb-grid-column gb-grid-column-80fb6ed0 gb-query-loop-item post-3669 post type-post status-publish format-standard has-post-thumbnail hentry category-aktualnosci category-dzialalnosc category-grupa-oldboys tag-113 tag-gmach-glowny tag-integracja tag-koncerty tag-urodziny tag-zespol\"><div class=\"gb-container gb-container-80fb6ed0\">\n<figure class=\"gb-block-image gb-block-image-8aac1076\"><a href=\"https:\/\/spzpitpw.pl\/index.php\/dzialalnosc\/202603\/jubileusz-95-lecia-pani-marii\"><img loading=\"lazy\" decoding=\"async\" width=\"1200\" height=\"675\" src=\"https:\/\/cdn.ldev.pl\/spzpitpw.pl\/uploads\/2026\/04\/2026-Pani-Maria-zajawka-1920x1080.jpg\" class=\"gb-image-8aac1076\" alt=\"2026 Pani Maria zajawka\" srcset=\"https:\/\/cdn.ldev.pl\/spzpitpw.pl\/uploads\/2026\/04\/2026-Pani-Maria-zajawka-1920x1080.jpg 1920w, https:\/\/cdn.ldev.pl\/spzpitpw.pl\/uploads\/2026\/04\/2026-Pani-Maria-zajawka-500x281.jpg 500w, https:\/\/cdn.ldev.pl\/spzpitpw.pl\/uploads\/2026\/04\/2026-Pani-Maria-zajawka-768x432.jpg 768w, https:\/\/cdn.ldev.pl\/spzpitpw.pl\/uploads\/2026\/04\/2026-Pani-Maria-zajawka-1536x864.jpg 1536w, https:\/\/cdn.ldev.pl\/spzpitpw.pl\/uploads\/2026\/04\/2026-Pani-Maria-zajawka.jpg 2000w\" sizes=\"auto, (max-width: 1200px) 100vw, 1200px\" \/><\/a><\/figure>\n\n<div class=\"gb-container gb-container-49eb78d8\">\n<div class=\"gb-headline gb-headline-82b13348 gb-headline-text\"><time class=\"entry-date published\" datetime=\"2026-03-30T12:00:00+02:00\">30.03.2026<\/time><\/div>\n\n<h3 class=\"gb-headline gb-headline-9f1c486f gb-headline-text\"><a href=\"https:\/\/spzpitpw.pl\/index.php\/dzialalnosc\/202603\/jubileusz-95-lecia-pani-marii\">Jubileusz 95-lecia Pani Marii Czupratowskiej-Semczuk<\/a><\/h3>\n\n<div class=\"gb-headline gb-headline-c8bec0e2 gb-headline-text\">25 marca 2026 roku w Ma\u0142ej Auli Politechniki Warszawskiej odby\u0142a si\u0119 wyj\u0105tkowa uroczysto\u015b\u0107. Okazj\u0105 by\u0142y 95 urodziny Pani Marii Czupratowskiej-Semczuk. Wydarzenie zgromadzi\u0142o licznych go\u015bci, w tym przyjaci\u00f3\u0142 Pani Marii z &#8230;<\/div>\n\n<a class=\"gb-button gb-button-57e19617 gb-button-text\" href=\"https:\/\/spzpitpw.pl\/index.php\/dzialalnosc\/202603\/jubileusz-95-lecia-pani-marii\">\u00bb czytaj dalej<\/a>\n<\/div>\n<\/div><\/div>\n\n<div class=\"gb-grid-column gb-grid-column-80fb6ed0 gb-query-loop-item post-3655 post type-post status-publish format-standard has-post-thumbnail hentry category-aktualnosci category-grupa-oldboys tag-104 tag-oldboys tag-koncerty tag-warszawa\"><div class=\"gb-container gb-container-80fb6ed0\">\n<figure class=\"gb-block-image gb-block-image-8aac1076\"><a href=\"https:\/\/spzpitpw.pl\/index.php\/grupa-oldboys\/202510\/koncert-charytatywny-na-bemowie-2025\"><img loading=\"lazy\" decoding=\"async\" width=\"967\" height=\"1368\" src=\"https:\/\/cdn.ldev.pl\/spzpitpw.pl\/uploads\/2025\/10\/2025-Bemowo-plakat.jpg\" class=\"gb-image-8aac1076\" alt=\"2025 Bemowo - plakat\" srcset=\"https:\/\/cdn.ldev.pl\/spzpitpw.pl\/uploads\/2025\/10\/2025-Bemowo-plakat.jpg 967w, https:\/\/cdn.ldev.pl\/spzpitpw.pl\/uploads\/2025\/10\/2025-Bemowo-plakat-353x500.jpg 353w, https:\/\/cdn.ldev.pl\/spzpitpw.pl\/uploads\/2025\/10\/2025-Bemowo-plakat-768x1086.jpg 768w\" sizes=\"auto, (max-width: 967px) 100vw, 967px\" \/><\/a><\/figure>\n\n<div class=\"gb-container gb-container-49eb78d8\">\n<div class=\"gb-headline gb-headline-82b13348 gb-headline-text\"><time class=\"entry-date published\" datetime=\"2025-10-07T13:00:00+02:00\">07.10.2025<\/time><\/div>\n\n<h3 class=\"gb-headline gb-headline-9f1c486f gb-headline-text\"><a href=\"https:\/\/spzpitpw.pl\/index.php\/grupa-oldboys\/202510\/koncert-charytatywny-na-bemowie-2025\">Koncert charytatywny na Bemowie<\/a><\/h3>\n\n<div class=\"gb-headline gb-headline-c8bec0e2 gb-headline-text\">W ramach wsp\u00f3\u0142pracy Stowarzyszenia z Archidiecezjalnym Zespo\u0142em Domowej Opieki Paliatywnej, 4 pa\u017adziernika w Sali koncertowej \u201eKocjana\u201d na Bemowie odby\u0142 si\u0119 koncert charytatywny dla wolontariuszy i darczy\u0144c\u00f3w Hospicjum Domowego. By\u0142o to &#8230;<\/div>\n\n<a class=\"gb-button gb-button-57e19617 gb-button-text\" href=\"https:\/\/spzpitpw.pl\/index.php\/grupa-oldboys\/202510\/koncert-charytatywny-na-bemowie-2025\">\u00bb czytaj dalej<\/a>\n<\/div>\n<\/div><\/div>\n\n<div class=\"gb-grid-column gb-grid-column-80fb6ed0 gb-query-loop-item post-3597 post type-post status-publish format-standard has-post-thumbnail hentry category-aktualnosci category-grupa-oldboys tag-104 tag-oldboys tag-koncerty tag-ozarow-mazowiecki\"><div class=\"gb-container gb-container-80fb6ed0\">\n<figure class=\"gb-block-image gb-block-image-8aac1076\"><a href=\"https:\/\/spzpitpw.pl\/index.php\/grupa-oldboys\/202508\/un-dois-tres-koncert-w-ozarowie\"><img loading=\"lazy\" decoding=\"async\" width=\"600\" height=\"943\" src=\"https:\/\/cdn.ldev.pl\/spzpitpw.pl\/uploads\/2025\/09\/Mazurkas25_2.jpg\" class=\"gb-image-8aac1076\" alt=\"Mazurkas 2025 - plakat\" srcset=\"https:\/\/cdn.ldev.pl\/spzpitpw.pl\/uploads\/2025\/09\/Mazurkas25_2.jpg 600w, https:\/\/cdn.ldev.pl\/spzpitpw.pl\/uploads\/2025\/09\/Mazurkas25_2-318x500.jpg 318w\" sizes=\"auto, (max-width: 600px) 100vw, 600px\" \/><\/a><\/figure>\n\n<div class=\"gb-container gb-container-49eb78d8\">\n<div class=\"gb-headline gb-headline-82b13348 gb-headline-text\"><time class=\"entry-date published\" datetime=\"2025-08-14T13:00:00+02:00\">14.08.2025<\/time><\/div>\n\n<h3 class=\"gb-headline gb-headline-9f1c486f gb-headline-text\"><a href=\"https:\/\/spzpitpw.pl\/index.php\/grupa-oldboys\/202508\/un-dois-tres-koncert-w-ozarowie\">\u201eUn, dois, tres\u201d &#8211; koncert w O\u017carowie<\/a><\/h3>\n\n<div class=\"gb-headline gb-headline-c8bec0e2 gb-headline-text\">Kilka dni po powrocie z Pragi wzi\u0119li\u015bmy udzia\u0142 w niezwyk\u0142ym wydarzeniu artystycznym jakim by\u0142o \u201e79 Forum Humanum Mazurkas\u201d. Na scenie spotka\u0142y si\u0119 trzy zespo\u0142y; poza nami by\u0142 to polonijny zesp\u00f3\u0142 &#8230;<\/div>\n\n<a class=\"gb-button gb-button-57e19617 gb-button-text\" href=\"https:\/\/spzpitpw.pl\/index.php\/grupa-oldboys\/202508\/un-dois-tres-koncert-w-ozarowie\">\u00bb czytaj dalej<\/a>\n<\/div>\n<\/div><\/div>\n\n<div class=\"gb-grid-column gb-grid-column-80fb6ed0 gb-query-loop-item post-3522 post type-post status-publish format-standard has-post-thumbnail hentry category-aktualnosci category-grupa-oldboys tag-104 tag-oldboys tag-koncerty tag-praga\"><div class=\"gb-container gb-container-80fb6ed0\">\n<figure class=\"gb-block-image gb-block-image-8aac1076\"><a href=\"https:\/\/spzpitpw.pl\/index.php\/grupa-oldboys\/202507\/festiwal-folklorystyczny-w-pradze-2025\"><img loading=\"lazy\" decoding=\"async\" width=\"206\" height=\"206\" src=\"https:\/\/cdn.ldev.pl\/spzpitpw.pl\/uploads\/2025\/09\/Praga25.jpg\" class=\"gb-image-8aac1076\" alt=\"Praskie Dni Folkloru 2025 - plakat\" srcset=\"https:\/\/cdn.ldev.pl\/spzpitpw.pl\/uploads\/2025\/09\/Praga25.jpg 206w, https:\/\/cdn.ldev.pl\/spzpitpw.pl\/uploads\/2025\/09\/Praga25-150x150.jpg 150w\" sizes=\"auto, (max-width: 206px) 100vw, 206px\" \/><\/a><\/figure>\n\n<div class=\"gb-container gb-container-49eb78d8\">\n<div class=\"gb-headline gb-headline-82b13348 gb-headline-text\"><time class=\"entry-date published\" datetime=\"2025-07-29T12:00:00+02:00\">29.07.2025<\/time><\/div>\n\n<h3 class=\"gb-headline gb-headline-9f1c486f gb-headline-text\"><a href=\"https:\/\/spzpitpw.pl\/index.php\/grupa-oldboys\/202507\/festiwal-folklorystyczny-w-pradze-2025\">Festiwal folklorystyczny w Pradze<\/a><\/h3>\n\n<div class=\"gb-headline gb-headline-c8bec0e2 gb-headline-text\">W dniach 17-20.07.2025 Zesp\u00f3\u0142 Pie\u015bni i Ta\u0144ca &#8222;Mary\u015b&#8221; uczestniczy\u0142 w Praskich Dniach Folkloru, kt\u00f3re ju\u017c po raz dwudziesty odby\u0142y si\u0119 w stolicy Republiki Czeskiej. Celem Prague Folklore Days, kt\u00f3re od &#8230;<\/div>\n\n<a class=\"gb-button gb-button-57e19617 gb-button-text\" href=\"https:\/\/spzpitpw.pl\/index.php\/grupa-oldboys\/202507\/festiwal-folklorystyczny-w-pradze-2025\">\u00bb czytaj dalej<\/a>\n<\/div>\n<\/div><\/div>\n\n<div class=\"gb-grid-column gb-grid-column-80fb6ed0 gb-query-loop-item post-3506 post type-post status-publish format-standard has-post-thumbnail hentry category-aktualnosci category-dzialalnosc category-sprawozdania tag-104 tag-sprawozdania tag-stowarzyszenie tag-zarzad\"><div class=\"gb-container gb-container-80fb6ed0\">\n<figure class=\"gb-block-image gb-block-image-8aac1076\"><a href=\"https:\/\/spzpitpw.pl\/index.php\/sprawozdania\/202506\/zwyczajne-walne-zebranie-2025\"><img loading=\"lazy\" decoding=\"async\" width=\"1024\" height=\"683\" src=\"https:\/\/cdn.ldev.pl\/spzpitpw.pl\/uploads\/2012\/06\/sprawozdania_grafika.jpg\" class=\"gb-image-8aac1076\" alt=\"Grafika pod artyku\u0142y sprawozdawcze\" srcset=\"https:\/\/cdn.ldev.pl\/spzpitpw.pl\/uploads\/2012\/06\/sprawozdania_grafika.jpg 1024w, https:\/\/cdn.ldev.pl\/spzpitpw.pl\/uploads\/2012\/06\/sprawozdania_grafika-500x333.jpg 500w, https:\/\/cdn.ldev.pl\/spzpitpw.pl\/uploads\/2012\/06\/sprawozdania_grafika-768x512.jpg 768w\" sizes=\"auto, (max-width: 1024px) 100vw, 1024px\" \/><\/a><\/figure>\n\n<div class=\"gb-container gb-container-49eb78d8\">\n<div class=\"gb-headline gb-headline-82b13348 gb-headline-text\"><time class=\"entry-date published\" datetime=\"2025-06-28T16:00:00+02:00\">28.06.2025<\/time><\/div>\n\n<h3 class=\"gb-headline gb-headline-9f1c486f gb-headline-text\"><a href=\"https:\/\/spzpitpw.pl\/index.php\/sprawozdania\/202506\/zwyczajne-walne-zebranie-2025\">Zwyczajne Walne Zebranie SPZPiTPW &#8211; 26.06.2025<\/a><\/h3>\n\n<div class=\"gb-headline gb-headline-c8bec0e2 gb-headline-text\">W dniu 26 czerwca 2025 r. odby\u0142o si\u0119 w siedzibie Zespo\u0142u Pie\u015bni i Ta\u0144ca Zwyczajne Walne Zebranie Stowarzyszenia Przyjaci\u00f3\u0142 Zespo\u0142u Pie\u015bni i Ta\u0144ca Politechniki Warszawskiej. W Zebraniu uczestniczy\u0142o 36 os\u00f3b &#8230;<\/div>\n\n<a class=\"gb-button gb-button-57e19617 gb-button-text\" href=\"https:\/\/spzpitpw.pl\/index.php\/sprawozdania\/202506\/zwyczajne-walne-zebranie-2025\">\u00bb czytaj dalej<\/a>\n<\/div>\n<\/div><\/div>\n<\/div>\n\n<\/div>\n<\/div>\n\n<div class=\"gb-container gb-container-0cf40027\">\n<div class=\"gb-container gb-container-25e87853\">\n\n<h2 class=\"gb-headline gb-headline-c3ebd30d gb-headline-text\">Najnowsze multimedia<\/h2>\n\n<\/div>\n\n<div class=\"gb-container gb-container-32bdc48f\">\n\n<div class=\"gb-grid-wrapper gb-grid-wrapper-b1343ee8 gb-query-loop-wrapper\">\n<div class=\"gb-grid-column gb-grid-column-24422f0b gb-query-loop-item post-3807 post type-post status-publish format-video has-post-thumbnail hentry category-multimedia tag-104 tag-brazylia tag-oldboys tag-koncerty tag-podroze post_format-post-format-video\"><div class=\"gb-container gb-container-24422f0b\">\n<figure class=\"gb-block-image gb-block-image-74a58628\"><a href=\"https:\/\/spzpitpw.pl\/index.php\/multimedia\/202604\/2025-rio-de-janeiro-wideo\"><img loading=\"lazy\" decoding=\"async\" width=\"1200\" height=\"675\" src=\"https:\/\/cdn.ldev.pl\/spzpitpw.pl\/uploads\/2026\/05\/2025-Brazylia-rio.jpg\" class=\"gb-image-74a58628\" alt=\"2025 Rio de Janeiro zajawka\" srcset=\"https:\/\/cdn.ldev.pl\/spzpitpw.pl\/uploads\/2026\/05\/2025-Brazylia-rio.jpg 1280w, https:\/\/cdn.ldev.pl\/spzpitpw.pl\/uploads\/2026\/05\/2025-Brazylia-rio-500x281.jpg 500w, https:\/\/cdn.ldev.pl\/spzpitpw.pl\/uploads\/2026\/05\/2025-Brazylia-rio-768x432.jpg 768w\" sizes=\"auto, (max-width: 1200px) 100vw, 1200px\" \/><\/a><\/figure>\n\n<div class=\"gb-container gb-container-e6ac70af\">\n<h3 class=\"gb-headline gb-headline-c3a5af7d gb-headline-text\"><a href=\"https:\/\/spzpitpw.pl\/index.php\/multimedia\/202604\/2025-rio-de-janeiro-wideo\">2025 Rio de Janeiro (wideo)<\/a><\/h3>\n\n<div class=\"gb-headline gb-headline-557cf013 gb-headline-text\">Cz\u0119\u015b\u0107 I: Cz\u0119\u015b\u0107 II:<\/div>\n<\/div>\n<\/div><\/div>\n\n<div class=\"gb-grid-column gb-grid-column-24422f0b gb-query-loop-item post-3800 post type-post status-publish format-video has-post-thumbnail hentry category-multimedia tag-104 tag-brazylia tag-oldboys tag-koncerty tag-podroze post_format-post-format-video\"><div class=\"gb-container gb-container-24422f0b\">\n<figure class=\"gb-block-image gb-block-image-74a58628\"><a href=\"https:\/\/spzpitpw.pl\/index.php\/multimedia\/202604\/2025-kurytyba-wideo\"><img loading=\"lazy\" decoding=\"async\" width=\"1200\" height=\"675\" src=\"https:\/\/cdn.ldev.pl\/spzpitpw.pl\/uploads\/2026\/05\/2025-Brazylia-kurytyba.jpg\" class=\"gb-image-74a58628\" alt=\"2025 Kurytyba wideo zajawka\" srcset=\"https:\/\/cdn.ldev.pl\/spzpitpw.pl\/uploads\/2026\/05\/2025-Brazylia-kurytyba.jpg 1280w, https:\/\/cdn.ldev.pl\/spzpitpw.pl\/uploads\/2026\/05\/2025-Brazylia-kurytyba-500x281.jpg 500w, https:\/\/cdn.ldev.pl\/spzpitpw.pl\/uploads\/2026\/05\/2025-Brazylia-kurytyba-768x432.jpg 768w\" sizes=\"auto, (max-width: 1200px) 100vw, 1200px\" \/><\/a><\/figure>\n\n<div class=\"gb-container gb-container-e6ac70af\">\n<h3 class=\"gb-headline gb-headline-c3a5af7d gb-headline-text\"><a href=\"https:\/\/spzpitpw.pl\/index.php\/multimedia\/202604\/2025-kurytyba-wideo\">2025 Kurytyba (wideo)<\/a><\/h3>\n\n<div class=\"gb-headline gb-headline-557cf013 gb-headline-text\">Cz\u0119\u015b\u0107 I: Cz\u0119\u015b\u0107 II:<\/div>\n<\/div>\n<\/div><\/div>\n\n<div class=\"gb-grid-column gb-grid-column-24422f0b gb-query-loop-item post-3796 post type-post status-publish format-video has-post-thumbnail hentry category-multimedia tag-104 tag-brazylia tag-oldboys tag-koncerty tag-podroze post_format-post-format-video\"><div class=\"gb-container gb-container-24422f0b\">\n<figure class=\"gb-block-image gb-block-image-74a58628\"><a href=\"https:\/\/spzpitpw.pl\/index.php\/multimedia\/202604\/2025-mallet-wideo\"><img loading=\"lazy\" decoding=\"async\" width=\"1200\" height=\"675\" src=\"https:\/\/cdn.ldev.pl\/spzpitpw.pl\/uploads\/2026\/05\/2025-Brazylia-mallet.jpg\" class=\"gb-image-74a58628\" alt=\"2025 Mallet wideo zajawka\" srcset=\"https:\/\/cdn.ldev.pl\/spzpitpw.pl\/uploads\/2026\/05\/2025-Brazylia-mallet.jpg 1280w, https:\/\/cdn.ldev.pl\/spzpitpw.pl\/uploads\/2026\/05\/2025-Brazylia-mallet-500x281.jpg 500w, https:\/\/cdn.ldev.pl\/spzpitpw.pl\/uploads\/2026\/05\/2025-Brazylia-mallet-768x432.jpg 768w\" sizes=\"auto, (max-width: 1200px) 100vw, 1200px\" \/><\/a><\/figure>\n\n<div class=\"gb-container gb-container-e6ac70af\">\n<h3 class=\"gb-headline gb-headline-c3a5af7d gb-headline-text\"><a href=\"https:\/\/spzpitpw.pl\/index.php\/multimedia\/202604\/2025-mallet-wideo\">2025 Mallet (wideo)<\/a><\/h3>\n\n\n<\/div>\n<\/div><\/div>\n\n<div class=\"gb-grid-column gb-grid-column-24422f0b gb-query-loop-item post-3794 post type-post status-publish format-video has-post-thumbnail hentry category-multimedia tag-104 tag-brazylia tag-oldboys tag-koncerty tag-podroze post_format-post-format-video\"><div class=\"gb-container gb-container-24422f0b\">\n<figure class=\"gb-block-image gb-block-image-74a58628\"><a href=\"https:\/\/spzpitpw.pl\/index.php\/multimedia\/202604\/2025-erechim-wideo\"><img loading=\"lazy\" decoding=\"async\" width=\"1200\" height=\"675\" src=\"https:\/\/cdn.ldev.pl\/spzpitpw.pl\/uploads\/2026\/04\/2025-Brazylia-erechim.jpg\" class=\"gb-image-74a58628\" alt=\"2025 Erechim wideo zajawka\" srcset=\"https:\/\/cdn.ldev.pl\/spzpitpw.pl\/uploads\/2026\/04\/2025-Brazylia-erechim.jpg 1280w, https:\/\/cdn.ldev.pl\/spzpitpw.pl\/uploads\/2026\/04\/2025-Brazylia-erechim-500x281.jpg 500w, https:\/\/cdn.ldev.pl\/spzpitpw.pl\/uploads\/2026\/04\/2025-Brazylia-erechim-768x432.jpg 768w\" sizes=\"auto, (max-width: 1200px) 100vw, 1200px\" \/><\/a><\/figure>\n\n<div class=\"gb-container gb-container-e6ac70af\">\n<h3 class=\"gb-headline gb-headline-c3a5af7d gb-headline-text\"><a href=\"https:\/\/spzpitpw.pl\/index.php\/multimedia\/202604\/2025-erechim-wideo\">2025 Erechim (wideo)<\/a><\/h3>\n\n\n<\/div>\n<\/div><\/div>\n<\/div>\n\n<\/div>\n<\/div>\n\n<div class=\"gb-container gb-container-bed4c2dc\">\n\n<h2 class=\"gb-headline gb-headline-b7a9e135 gb-headline-text\">Nasze media spo\u0142eczno\u015bciowe<\/h2>\n\n\n\n<div class=\"wp-block-columns is-layout-flex wp-container-core-columns-is-layout-9d6595d7 wp-block-columns-is-layout-flex\">\n<div class=\"wp-block-column is-layout-flow wp-block-column-is-layout-flow\">\n<ul class=\"wp-block-social-links has-large-icon-size has-visible-labels is-vertical is-content-justification-left is-nowrap is-layout-flex wp-container-core-social-links-is-layout-cfee1719 wp-block-social-links-is-layout-flex\"><li class=\"wp-social-link wp-social-link-facebook  wp-block-social-link\"><a rel=\"noopener nofollow\" target=\"_blank\" href=\"https:\/\/www.facebook.com\/profile.php?id=100089243380187\" class=\"wp-block-social-link-anchor\"><svg width=\"24\" height=\"24\" viewBox=\"0 0 24 24\" version=\"1.1\" xmlns=\"http:\/\/www.w3.org\/2000\/svg\" aria-hidden=\"true\" focusable=\"false\"><path d=\"M12 2C6.5 2 2 6.5 2 12c0 5 3.7 9.1 8.4 9.9v-7H7.9V12h2.5V9.8c0-2.5 1.5-3.9 3.8-3.9 1.1 0 2.2.2 2.2.2v2.5h-1.3c-1.2 0-1.6.8-1.6 1.6V12h2.8l-.4 2.9h-2.3v7C18.3 21.1 22 17 22 12c0-5.5-4.5-10-10-10z\"><\/path><\/svg><span class=\"wp-block-social-link-label\">Stowarzyszenie na Facebooku<\/span><\/a><\/li>\n\n<li class=\"wp-social-link wp-social-link-youtube  wp-block-social-link\"><a rel=\"noopener nofollow\" target=\"_blank\" href=\"https:\/\/www.youtube.com\/@mediaspzpitpw9658\" class=\"wp-block-social-link-anchor\"><svg width=\"24\" height=\"24\" viewBox=\"0 0 24 24\" version=\"1.1\" xmlns=\"http:\/\/www.w3.org\/2000\/svg\" aria-hidden=\"true\" focusable=\"false\"><path d=\"M21.8,8.001c0,0-0.195-1.378-0.795-1.985c-0.76-0.797-1.613-0.801-2.004-0.847c-2.799-0.202-6.997-0.202-6.997-0.202 h-0.009c0,0-4.198,0-6.997,0.202C4.608,5.216,3.756,5.22,2.995,6.016C2.395,6.623,2.2,8.001,2.2,8.001S2,9.62,2,11.238v1.517 c0,1.618,0.2,3.237,0.2,3.237s0.195,1.378,0.795,1.985c0.761,0.797,1.76,0.771,2.205,0.855c1.6,0.153,6.8,0.201,6.8,0.201 s4.203-0.006,7.001-0.209c0.391-0.047,1.243-0.051,2.004-0.847c0.6-0.607,0.795-1.985,0.795-1.985s0.2-1.618,0.2-3.237v-1.517 C22,9.62,21.8,8.001,21.8,8.001z M9.935,14.594l-0.001-5.62l5.404,2.82L9.935,14.594z\"><\/path><\/svg><span class=\"wp-block-social-link-label\">Stowarzyszenie na YouTube<\/span><\/a><\/li>\n\n<li class=\"wp-social-link wp-social-link-bandcamp  wp-block-social-link\"><a rel=\"noopener nofollow\" target=\"_blank\" href=\"https:\/\/www.facebook.com\/groups\/138747489876849\" class=\"wp-block-social-link-anchor\"><svg width=\"24\" height=\"24\" viewBox=\"0 0 24 24\" version=\"1.1\" xmlns=\"http:\/\/www.w3.org\/2000\/svg\" aria-hidden=\"true\" focusable=\"false\"><path d=\"M15.27 17.289 3 17.289 8.73 6.711 21 6.711 15.27 17.289\"><\/path><\/svg><span class=\"wp-block-social-link-label\">Grupa Oldboys na Facebooku<\/span><\/a><\/li>\n\n<li class=\"wp-social-link wp-social-link-mail  wp-block-social-link\"><a rel=\"noopener nofollow\" target=\"_blank\" href=\"mailto:&#122;&#097;rzad&#064;s&#112;z&#112;itpw.pl\" class=\"wp-block-social-link-anchor\"><svg width=\"24\" height=\"24\" viewBox=\"0 0 24 24\" version=\"1.1\" xmlns=\"http:\/\/www.w3.org\/2000\/svg\" aria-hidden=\"true\" focusable=\"false\"><path d=\"M19,5H5c-1.1,0-2,.9-2,2v10c0,1.1.9,2,2,2h14c1.1,0,2-.9,2-2V7c0-1.1-.9-2-2-2zm.5,12c0,.3-.2.5-.5.5H5c-.3,0-.5-.2-.5-.5V9.8l7.5,5.6,7.5-5.6V17zm0-9.1L12,13.6,4.5,7.9V7c0-.3.2-.5.5-.5h14c.3,0,.5.2.5.5v.9z\"><\/path><\/svg><span class=\"wp-block-social-link-label\">Napisz e-mail<\/span><\/a><\/li>\n\n<li class=\"wp-social-link wp-social-link-feed  wp-block-social-link\"><a rel=\"noopener nofollow\" target=\"_blank\" href=\"https:\/\/spzpitpw.pl\/index.php\/feed\" class=\"wp-block-social-link-anchor\"><svg width=\"24\" height=\"24\" viewBox=\"0 0 24 24\" version=\"1.1\" xmlns=\"http:\/\/www.w3.org\/2000\/svg\" aria-hidden=\"true\" focusable=\"false\"><path d=\"M2,8.667V12c5.515,0,10,4.485,10,10h3.333C15.333,14.637,9.363,8.667,2,8.667z M2,2v3.333 c9.19,0,16.667,7.477,16.667,16.667H22C22,10.955,13.045,2,2,2z M4.5,17C3.118,17,2,18.12,2,19.5S3.118,22,4.5,22S7,20.88,7,19.5 S5.882,17,4.5,17z\"><\/path><\/svg><span class=\"wp-block-social-link-label\">Nasz kana\u0142 aktualno\u015bci<\/span><\/a><\/li><\/ul>\n<\/div>\n\n\n\n<div class=\"wp-block-column is-layout-flow wp-block-column-is-layout-flow\">\n<iframe src=\"https:\/\/www.facebook.com\/plugins\/page.php?m2w&#038;href=https%3A%2F%2Fwww.facebook.com%2F100089243380187&#038;tabs=timeline&#038;width=340&#038;height=350&#038;small_header=false&#038;adapt_container_width=true&#038;hide_cover=false&#038;show_facepile=false\" height=\"350\" style=\"border:none;overflow:hidden;width:340px\" scrolling=\"no\" frameborder=\"0\" allow=\"clipboard-write; encrypted-media; picture-in-picture; web-share\"><\/iframe>\n<\/div>\n<\/div>\n\n<\/div>","protected":false},"excerpt":{"rendered":"<p>Integrujemy zespo\u0142owe pokolenia Aktualno\u015bci z \u017cycia Stowarzyszenia Najnowsze multimedia Nasze media spo\u0142eczno\u015bciowe<\/p>\n","protected":false},"author":1,"featured_media":0,"parent":0,"menu_order":0,"comment_status":"closed","ping_status":"closed","template":"","meta":{"footnotes":""},"class_list":["post-42","page","type-page","status-publish"],"_links":{"self":[{"href":"https:\/\/spzpitpw.pl\/index.php\/wp-json\/wp\/v2\/pages\/42","targetHints":{"allow":["GET"]}}],"collection":[{"href":"https:\/\/spzpitpw.pl\/index.php\/wp-json\/wp\/v2\/pages"}],"about":[{"href":"https:\/\/spzpitpw.pl\/index.php\/wp-json\/wp\/v2\/types\/page"}],"author":[{"embeddable":true,"href":"https:\/\/spzpitpw.pl\/index.php\/wp-json\/wp\/v2\/users\/1"}],"replies":[{"embeddable":true,"href":"https:\/\/spzpitpw.pl\/index.php\/wp-json\/wp\/v2\/comments?post=42"}],"version-history":[{"count":3,"href":"https:\/\/spzpitpw.pl\/index.php\/wp-json\/wp\/v2\/pages\/42\/revisions"}],"predecessor-version":[{"id":3355,"href":"https:\/\/spzpitpw.pl\/index.php\/wp-json\/wp\/v2\/pages\/42\/revisions\/3355"}],"wp:attachment":[{"href":"https:\/\/spzpitpw.pl\/index.php\/wp-json\/wp\/v2\/media?parent=42"}],"curies":[{"name":"wp","href":"https:\/\/api.w.org\/{rel}","templated":true}]}}