{"id":64,"date":"2024-10-23T16:07:49","date_gmt":"2024-10-23T14:07:49","guid":{"rendered":"https:\/\/spzpitpw.pl\/?page_id=64"},"modified":"2025-03-30T14:10:31","modified_gmt":"2025-03-30T12:10:31","slug":"konto-bankowe","status":"publish","type":"page","link":"https:\/\/spzpitpw.pl\/index.php\/konto-bankowe","title":{"rendered":"Rachunek bankowy Stowarzyszenia"},"content":{"rendered":"\n<p class=\"has-medium-font-size\">Stowarzyszenie Przyjaci\u00f3\u0142 <br>Zespo\u0142u Pie\u015bni i Ta\u0144ca Politechniki Warszawskiej<\/p>\n\n\n\n<p class=\"has-medium-font-size\">ul. Wary\u0144skiego 12, 00-631 Warszawa<\/p>\n\n\n\n<p class=\"has-medium-font-size\"><strong>97 1140 2017 0000 4402 1249 9002<\/strong> <br>mBank SA, Bankowo\u015b\u0107 Detaliczna <br>BIC\/SWIFT:\u00a0<strong>BREXPLPWMBK<\/strong><\/p>\n\n\n\n<p><\/p>\n","protected":false},"excerpt":{"rendered":"<p>Stowarzyszenie Przyjaci\u00f3\u0142 Zespo\u0142u Pie\u015bni i Ta\u0144ca Politechniki Warszawskiej ul. Wary\u0144skiego 12, 00-631 Warszawa 97 1140 2017 0000 4402 1249 9002 mBank SA, Bankowo\u015b\u0107 Detaliczna BIC\/SWIFT:\u00a0BREXPLPWMBK<\/p>\n","protected":false},"author":1,"featured_media":0,"parent":0,"menu_order":0,"comment_status":"closed","ping_status":"closed","template":"","meta":{"footnotes":""},"class_list":["post-64","page","type-page","status-publish"],"_links":{"self":[{"href":"https:\/\/spzpitpw.pl\/index.php\/wp-json\/wp\/v2\/pages\/64","targetHints":{"allow":["GET"]}}],"collection":[{"href":"https:\/\/spzpitpw.pl\/index.php\/wp-json\/wp\/v2\/pages"}],"about":[{"href":"https:\/\/spzpitpw.pl\/index.php\/wp-json\/wp\/v2\/types\/page"}],"author":[{"embeddable":true,"href":"https:\/\/spzpitpw.pl\/index.php\/wp-json\/wp\/v2\/users\/1"}],"replies":[{"embeddable":true,"href":"https:\/\/spzpitpw.pl\/index.php\/wp-json\/wp\/v2\/comments?post=64"}],"version-history":[{"count":1,"href":"https:\/\/spzpitpw.pl\/index.php\/wp-json\/wp\/v2\/pages\/64\/revisions"}],"predecessor-version":[{"id":65,"href":"https:\/\/spzpitpw.pl\/index.php\/wp-json\/wp\/v2\/pages\/64\/revisions\/65"}],"wp:attachment":[{"href":"https:\/\/spzpitpw.pl\/index.php\/wp-json\/wp\/v2\/media?parent=64"}],"curies":[{"name":"wp","href":"https:\/\/api.w.org\/{rel}","templated":true}]}}