{"id":67,"date":"2024-10-24T15:39:03","date_gmt":"2024-10-24T13:39:03","guid":{"rendered":"https:\/\/spzpitpw.pl\/?page_id=67"},"modified":"2024-10-24T15:57:36","modified_gmt":"2024-10-24T13:57:36","slug":"jak-dolaczyc","status":"publish","type":"page","link":"https:\/\/spzpitpw.pl\/index.php\/jak-dolaczyc","title":{"rendered":"Jak do\u0142\u0105czy\u0107?"},"content":{"rendered":"<figure class=\"gb-block-image gb-block-image-bf39c690\"><img loading=\"lazy\" decoding=\"async\" width=\"1600\" height=\"1200\" class=\"gb-image gb-image-bf39c690\" src=\"https:\/\/cdn.ldev.pl\/spzpitpw.pl\/uploads\/2024\/10\/rzeszowskie_palackultury_2023.jpg\" alt=\"Pod Pa\u0142acem Kultury w strojach rzeszowskich\" title=\"Pod Pa\u0142acem Kultury w strojach rzeszowskich\" srcset=\"https:\/\/cdn.ldev.pl\/spzpitpw.pl\/uploads\/2024\/10\/rzeszowskie_palackultury_2023.jpg 1600w, https:\/\/cdn.ldev.pl\/spzpitpw.pl\/uploads\/2024\/10\/rzeszowskie_palackultury_2023-500x375.jpg 500w, https:\/\/cdn.ldev.pl\/spzpitpw.pl\/uploads\/2024\/10\/rzeszowskie_palackultury_2023-768x576.jpg 768w, https:\/\/cdn.ldev.pl\/spzpitpw.pl\/uploads\/2024\/10\/rzeszowskie_palackultury_2023-1536x1152.jpg 1536w\" sizes=\"auto, (max-width: 1600px) 100vw, 1600px\" \/><\/figure>\n\n\n<p><br><strong>Cieszymy si\u0119, \u017ce chcesz by\u0107 cz\u0119\u015bci\u0105 naszego Stowarzyszenia.<\/strong> W celu oficjalnego przyst\u0105pienia do grona cz\u0142onk\u00f3w, wykonaj cztery proste kroki:<\/p>\n\n\n\n<h4 class=\"wp-block-heading\">1: Pobierz i wype\u0142nij deklaracj\u0119 cz\u0142onkowsk\u0105<\/h4>\n\n\n\n<p>Deklaracja cz\u0142onkowska jest dokumentem wymaganym do rozpatrzenia pro\u015bby o cz\u0142onkostwo w Stowarzyszeniu. <strong>Przygotowali\u015bmy j\u0105 w formie formularza PDF<\/strong>, kt\u00f3ry mo\u017cna wype\u0142ni\u0107 zar\u00f3wno elektronicznie, jak i wydrukowa\u0107 i wype\u0142ni\u0107 wersj\u0119 papierow\u0105. Deklaracja zawiera klauzul\u0119 informacyjn\u0105 o przetwarzaniu danych osobowych cz\u0142onk\u00f3w Stowarzyszenia, z kt\u00f3r\u0105 nale\u017cy si\u0119 r\u00f3wnie\u017c zapozna\u0107.<\/p>\n\n\n\n<div class=\"wp-block-file\"><a id=\"wp-block-file--media-59753fab-26a4-4e88-ba6e-bb9d1bfd1fae\" href=\"https:\/\/cdn.ldev.pl\/spzpitpw.pl\/uploads\/2024\/10\/Deklaracja-czlonkowska-SPZPiTPW-2024.pdf\" target=\"_blank\" rel=\"noreferrer noopener\">Deklaracja cz\u0142onkowska SPZPiTPW<\/a><a href=\"https:\/\/cdn.ldev.pl\/spzpitpw.pl\/uploads\/2024\/10\/Deklaracja-czlonkowska-SPZPiTPW-2024.pdf\" class=\"wp-block-file__button wp-element-button\" download aria-describedby=\"wp-block-file--media-59753fab-26a4-4e88-ba6e-bb9d1bfd1fae\">Pobierz<\/a><\/div>\n\n\n\n<h4 class=\"wp-block-heading\">2: Podpisz i wy\u015blij deklaracj\u0119 do nas<\/h4>\n\n\n\n<ul class=\"wp-block-list\">\n<li>Je\u017celi wype\u0142niasz deklaracj\u0119 elektronicznie i posiadasz podpis elektroniczny (podpis kwalifikowany b\u0105d\u017a te\u017c podpis osobisty w dowodzie osobistym wydawanym od 2019 r.), mo\u017cesz <strong>podpisa\u0107 deklaracj\u0119 elektronicznie i wys\u0142a\u0107 nam podpisan\u0105 na adres Zarz\u0105du<\/strong>: <em><a href=\"mailto:zarzad@spzpitpw.pl\">zarzad@spzpitpw.pl<\/a><\/em>.<\/li>\n\n\n\n<li>Je\u017celi nie posiadasz podpisu elektronicznego lub wolisz z\u0142o\u017cy\u0107 deklaracj\u0119 w wersji papierowej, mo\u017cesz j\u0105 <strong>wydrukowa\u0107, podpisa\u0107 w\u0142asnor\u0119cznie i wys\u0142a\u0107 na adres pocztowy Stowarzyszenia<\/strong> (w stopce strony).<\/li>\n<\/ul>\n\n\n\n<h4 class=\"wp-block-heading\">3: Zaczekaj na formalne przyj\u0119cie w poczet cz\u0142onk\u00f3w<\/h4>\n\n\n\n<p>Wnioski o cz\u0142onkostwo rozpatrywane s\u0105 <strong>uchwa\u0142ami Zarz\u0105du Stowarzyszenia<\/strong>. Je\u017celi Tw\u00f3j wniosek zostanie przyj\u0119ty, skontaktujemy si\u0119 z Tob\u0105 telefonicznie b\u0105d\u017a mailowo i przeka\u017cemy informacj\u0119 o przyj\u0119ciu w poczet cz\u0142onk\u00f3w Stowarzyszenia.<\/p>\n\n\n\n<h4 class=\"wp-block-heading\">4: Op\u0142a\u0107 pierwsz\u0105 sk\u0142adk\u0119 cz\u0142onkowsk\u0105<\/h4>\n\n\n\n<p>Otrzymasz informacj\u0119 o wysoko\u015bci sk\u0142adki cz\u0142onkowskiej, kt\u00f3r\u0105 nale\u017cy op\u0142aci\u0107 przelewem ze swojego konta osobistego na nasz <a href=\"https:\/\/spzpitpw.pl\/index.php\/konto-bankowe\" data-type=\"page\" data-id=\"64\">rachunek bankowy<\/a>. <strong>Pami\u0119taj, by w tytule przelewu znalaz\u0142 si\u0119 zwrot &#8222;sk\u0142adka cz\u0142onkowska&#8221; i rok, kt\u00f3rego sk\u0142adka dotyczy<\/strong> (bie\u017c\u0105cy).<\/p>\n","protected":false},"excerpt":{"rendered":"<p>Cieszymy si\u0119, \u017ce chcesz by\u0107 cz\u0119\u015bci\u0105 naszego Stowarzyszenia. W celu oficjalnego przyst\u0105pienia do grona cz\u0142onk\u00f3w, wykonaj cztery proste kroki: 1: Pobierz i wype\u0142nij deklaracj\u0119 cz\u0142onkowsk\u0105 Deklaracja cz\u0142onkowska jest dokumentem wymaganym do rozpatrzenia pro\u015bby o cz\u0142onkostwo w Stowarzyszeniu. Przygotowali\u015bmy j\u0105 w formie formularza PDF, kt\u00f3ry mo\u017cna wype\u0142ni\u0107 zar\u00f3wno elektronicznie, jak i wydrukowa\u0107 i wype\u0142ni\u0107 wersj\u0119 papierow\u0105. &#8230; <a title=\"Jak do\u0142\u0105czy\u0107?\" class=\"read-more\" href=\"https:\/\/spzpitpw.pl\/index.php\/jak-dolaczyc\" aria-label=\"Read more about Jak do\u0142\u0105czy\u0107?\">Dowiedz si\u0119 wi\u0119cej<\/a><\/p>\n","protected":false},"author":1,"featured_media":0,"parent":0,"menu_order":1,"comment_status":"closed","ping_status":"closed","template":"","meta":{"footnotes":""},"class_list":["post-67","page","type-page","status-publish"],"_links":{"self":[{"href":"https:\/\/spzpitpw.pl\/index.php\/wp-json\/wp\/v2\/pages\/67","targetHints":{"allow":["GET"]}}],"collection":[{"href":"https:\/\/spzpitpw.pl\/index.php\/wp-json\/wp\/v2\/pages"}],"about":[{"href":"https:\/\/spzpitpw.pl\/index.php\/wp-json\/wp\/v2\/types\/page"}],"author":[{"embeddable":true,"href":"https:\/\/spzpitpw.pl\/index.php\/wp-json\/wp\/v2\/users\/1"}],"replies":[{"embeddable":true,"href":"https:\/\/spzpitpw.pl\/index.php\/wp-json\/wp\/v2\/comments?post=67"}],"version-history":[{"count":3,"href":"https:\/\/spzpitpw.pl\/index.php\/wp-json\/wp\/v2\/pages\/67\/revisions"}],"predecessor-version":[{"id":82,"href":"https:\/\/spzpitpw.pl\/index.php\/wp-json\/wp\/v2\/pages\/67\/revisions\/82"}],"wp:attachment":[{"href":"https:\/\/spzpitpw.pl\/index.php\/wp-json\/wp\/v2\/media?parent=67"}],"curies":[{"name":"wp","href":"https:\/\/api.w.org\/{rel}","templated":true}]}}