{"id":83,"date":"2024-10-24T16:24:56","date_gmt":"2024-10-24T14:24:56","guid":{"rendered":"https:\/\/spzpitpw.pl\/?page_id=83"},"modified":"2024-10-24T16:24:56","modified_gmt":"2024-10-24T14:24:56","slug":"regulamin-oplacania-skladek","status":"publish","type":"page","link":"https:\/\/spzpitpw.pl\/index.php\/regulamin-oplacania-skladek","title":{"rendered":"Regulamin op\u0142acania sk\u0142adek cz\u0142onkowskich"},"content":{"rendered":"\n<p>Za\u0142\u0105cznik do Uchwa\u0142y nr 4\/2015 Zarz\u0105du Stowarzyszenia Przyjaci\u00f3\u0142 Zespo\u0142u Pie\u015bni i Ta\u0144ca Politechniki Warszawskiej z\u00a0dnia 30 czerwca 2015 roku w sprawie przyj\u0119cia regulaminu op\u0142acania sk\u0142adek cz\u0142onkowskich<\/p>\n\n\n\n<h5 class=\"wp-block-heading\">\u00a7 1<\/h5>\n\n\n\n<ol class=\"wp-block-list\">\n<li>Niniejszy Regulamin okre\u015bla tryb, termin, spos\u00f3b i warunki op\u0142acania sk\u0142adek cz\u0142onkowskich na rzecz Stowarzyszenia Przyjaci\u00f3\u0142 Zespo\u0142u Pie\u015bni i Ta\u0144ca Politechniki Warszawskiej oraz spos\u00f3b post\u0119powania wobec\u00a0cz\u0142onk\u00f3w niep\u0142ac\u0105cych sk\u0142adek.<\/li>\n\n\n\n<li>Ilekro\u0107 w Regulaminie jest mowa o:\n<ol style=\"list-style-type:lower-alpha\" class=\"wp-block-list\">\n<li>Stowarzyszeniu \u2013 nale\u017cy przez to rozumie\u0107 Stowarzyszenie Przyjaci\u00f3\u0142 Zespo\u0142u Pie\u015bni i Ta\u0144ca Politechniki Warszawskiej;<\/li>\n\n\n\n<li>Walnym Zebraniu \u2013 nale\u017cy przez to rozumie\u0107 walne zebranie cz\u0142onk\u00f3w Stowarzyszenia Przyjaci\u00f3\u0142 Zespo\u0142u Pie\u015bni i Ta\u0144ca Politechniki Warszawskiej;<\/li>\n\n\n\n<li>Zarz\u0105dzie \u2013 nale\u017cy przez to rozumie\u0107 Zarz\u0105d Stowarzyszenia Przyjaci\u00f3\u0142 Zespo\u0142u Pie\u015bni i Ta\u0144ca Politechniki Warszawskiej;<\/li>\n\n\n\n<li>Sk\u0142adce \u2013 nale\u017cy przez to rozumie\u0107 roczn\u0105 sk\u0142adk\u0119 cz\u0142onkowsk\u0105;<\/li>\n\n\n\n<li>Regulaminie \u2013 nale\u017cy przez to rozumie\u0107 niniejszy Regulamin Op\u0142acania Sk\u0142adek Cz\u0142onkowskich w\u00a0Stowarzyszeniu Przyjaci\u00f3\u0142 Zespo\u0142u Pie\u015bni i Ta\u0144ca Politechniki Warszawskiej.<\/li>\n<\/ol>\n<\/li>\n<\/ol>\n\n\n\n<h5 class=\"wp-block-heading\">\u00a7 2<\/h5>\n\n\n\n<ol class=\"wp-block-list\">\n<li>Regularne op\u0142acanie sk\u0142adek nale\u017cy do podstawowych obowi\u0105zk\u00f3w statutowych cz\u0142onka Stowarzyszenia.<\/li>\n\n\n\n<li>Wysoko\u015b\u0107 sk\u0142adki ustala Walne Zebranie w formie uchwa\u0142y.<\/li>\n<\/ol>\n\n\n\n<h5 class=\"wp-block-heading\">\u00a7 3<\/h5>\n\n\n\n<ol class=\"wp-block-list\">\n<li>Sk\u0142adka cz\u0142onkowska op\u0142acana jest:\n<ol style=\"list-style-type:lower-alpha\" class=\"wp-block-list\">\n<li>jednorazowo, za ca\u0142y rok z g\u00f3ry;<\/li>\n\n\n\n<li>do ko\u0144ca marca ka\u017cdego roku;<\/li>\n\n\n\n<li>w formie przelewu bankowego na <a href=\"https:\/\/spzpitpw.pl\/index.php\/konto-bankowe\" data-type=\"page\" data-id=\"64\">rachunek bankowy Stowarzyszenia<\/a>.<\/li>\n<\/ol>\n<\/li>\n\n\n\n<li>Cz\u0142onkowie Stowarzyszenia dokonuj\u0105 przelew\u00f3w na poczet sk\u0142adek z w\u0142asnego rachunku bankowego lub\u00a0za\u00a0po\u015brednictwem innej osoby, w spos\u00f3b umo\u017cliwiaj\u0105cy identyfikacj\u0119 cz\u0142onka, kt\u00f3rego sk\u0142adka dotyczy, z\u00a0podaniem okresu, za kt\u00f3ry sk\u0142adka jest op\u0142acana.<\/li>\n\n\n\n<li>Dokumentacj\u0119 zwi\u0105zan\u0105 z op\u0142acaniem sk\u0142adek prowadzi Zarz\u0105d.<\/li>\n<\/ol>\n\n\n\n<h5 class=\"wp-block-heading\">\u00a7 4<\/h5>\n\n\n\n<ol class=\"wp-block-list\">\n<li>Osoby przyj\u0119te w poczet cz\u0142onk\u00f3w Stowarzyszenia do dnia 31 marca danego roku kalendarzowego op\u0142acaj\u0105 sk\u0142adk\u0119 roczn\u0105 w pe\u0142nej wysoko\u015bci.<\/li>\n\n\n\n<li>Osoby przyj\u0119te w poczet cz\u0142onk\u00f3w Stowarzyszenia w okresie od 1 kwietnia do 31 grudnia op\u0142acaj\u0105 sk\u0142adk\u0119 w\u00a0wysoko\u015bci proporcjonalnej do liczby miesi\u0119cy pozosta\u0142ych do ko\u0144ca roku kalendarzowego, licz\u0105c od miesi\u0105ca nast\u0119puj\u0105cego po miesi\u0105cu, w kt\u00f3rym podj\u0119ta zosta\u0142a decyzja o przyj\u0119ciu.<\/li>\n\n\n\n<li>Nowo przyj\u0119ci cz\u0142onkowie wp\u0142acaj\u0105 sk\u0142adk\u0119 w ci\u0105gu dw\u00f3ch tygodni od dnia otrzymania zawiadomienia o przyj\u0119ciu do Stowarzyszenia.<\/li>\n<\/ol>\n\n\n\n<h5 class=\"wp-block-heading\">\u00a7 5<\/h5>\n\n\n\n<ol class=\"wp-block-list\">\n<li>W sytuacji wyj\u0105tkowej cz\u0142onek Stowarzyszenia mo\u017ce wyst\u0105pi\u0107 do Zarz\u0105du z pisemnym wnioskiem o zgod\u0119 na\u00a0op\u0142acenie sk\u0142adki w innym terminie, ni\u017c wskazany w Regulaminie, lub na sp\u0142at\u0119 zad\u0142u\u017cenia w ratach.<\/li>\n\n\n\n<li>Zarz\u0105d w terminie 2 tygodni podejmuje decyzj\u0119 w formie uchwa\u0142y, czy i na jakich zasadach pro\u015bba, o kt\u00f3rej mowa w\u00a0ust. 1 zostaje uwzgl\u0119dniona, oraz powiadamia o decyzji zainteresowan\u0105 osob\u0119.<\/li>\n\n\n\n<li>Op\u0142ata sk\u0142adek w innym terminie lub sp\u0142ata zad\u0142u\u017cenia w ratach nie zwalnia cz\u0142onka z obowi\u0105zku terminowego op\u0142acania bie\u017c\u0105cych sk\u0142adek zgodnie z ustaleniami niniejszego Regulaminu.<\/li>\n<\/ol>\n\n\n\n<h5 class=\"wp-block-heading\">\u00a7 6<\/h5>\n\n\n\n<ol class=\"wp-block-list\">\n<li>Nieusprawiedliwione zaleganie z op\u0142at\u0105 sk\u0142adki przez okres przekraczaj\u0105cy 6 miesi\u0119cy stanowi podstaw\u0119 podj\u0119cia przez Zarz\u0105d uchwa\u0142y o wykluczeniu ze Stowarzyszenia.<\/li>\n\n\n\n<li>Podj\u0119cie uchwa\u0142y o wykluczeniu cz\u0142onka ze Stowarzyszenia z tytu\u0142u zalegania z op\u0142at\u0105 sk\u0142adek Zarz\u0105d poprzedza przes\u0142aniem upomnienia, w kt\u00f3rym okre\u015bla ostateczny termin uregulowania zaleg\u0142ych sk\u0142adek.<\/li>\n\n\n\n<li>Od uchwa\u0142y Zarz\u0105du w sprawie pozbawienia cz\u0142onkostwa w Stowarzyszeniu z powodu zalegania z op\u0142at\u0105 sk\u0142adek przys\u0142uguje odwo\u0142anie do Walnego Zebrania za po\u015brednictwem Zarz\u0105du, kt\u00f3ry zobowi\u0105zany jest do wniesienia tego\u00a0odwo\u0142ania do porz\u0105dku obrad najbli\u017cszego Walnego Zebrania.<\/li>\n\n\n\n<li>Uchwa\u0142a Walnego Zebrania w sprawie odwo\u0142ania od uchwa\u0142y Zarz\u0105du, dotycz\u0105cej pozbawienia cz\u0142onkostwa w\u00a0Stowarzyszeniu z powodu zalegania z op\u0142at\u0105 sk\u0142adek, jest ostateczna.<\/li>\n<\/ol>\n\n\n\n<h5 class=\"wp-block-heading\">\u00a7 7<\/h5>\n\n\n\n<p>Osoba wykluczona ze Stowarzyszenia z powodu nieop\u0142acania sk\u0142adek mo\u017ce stara\u0107 si\u0119 o ponowne przyj\u0119cie do\u00a0Stowarzyszenia po uiszczeniu zad\u0142u\u017cenia powsta\u0142ego do dnia wykluczenia jej ze Stowarzyszenia.<\/p>\n\n\n\n<h5 class=\"wp-block-heading\">\u00a7 8<\/h5>\n\n\n\n<p>Sk\u0142adka nie podlega zwrotowi w przypadku z\u0142o\u017cenia przez cz\u0142onka rezygnacji z cz\u0142onkostwa<br>w Stowarzyszeniu przed ko\u0144cem roku, za kt\u00f3ry sk\u0142adka zosta\u0142a op\u0142acona.<\/p>\n\n\n\n<h5 class=\"wp-block-heading\">\u00a7 9<\/h5>\n\n\n\n<ol class=\"wp-block-list\">\n<li>W sprawach nieuregulowanych w niniejszym Regulaminie decyduje Zarz\u0105d, kieruj\u0105c si\u0119 obowi\u0105zuj\u0105cymi przepisami prawa, statutem Stowarzyszenia oraz uchwa\u0142ami Walnego Zebrania.<\/li>\n\n\n\n<li>Regulamin wchodzi w \u017cycie z dniem podj\u0119cia uchwa\u0142y przez Zarz\u0105d w sprawie jego przyj\u0119cia.<\/li>\n\n\n\n<li>Regulamin podaje si\u0119 do wiadomo\u015bci wszystkich cz\u0142onk\u00f3w Stowarzyszenia w spos\u00f3b przyj\u0119ty w Stowarzyszeniu.<\/li>\n<\/ol>\n\n\n\n<p><\/p>\n","protected":false},"excerpt":{"rendered":"<p>Za\u0142\u0105cznik do Uchwa\u0142y nr 4\/2015 Zarz\u0105du Stowarzyszenia Przyjaci\u00f3\u0142 Zespo\u0142u Pie\u015bni i Ta\u0144ca Politechniki Warszawskiej z\u00a0dnia 30 czerwca 2015 roku w sprawie przyj\u0119cia regulaminu op\u0142acania sk\u0142adek cz\u0142onkowskich \u00a7 1 \u00a7 2 \u00a7 3 \u00a7 4 \u00a7 5 \u00a7 6 \u00a7 7 Osoba wykluczona ze Stowarzyszenia z powodu nieop\u0142acania sk\u0142adek mo\u017ce stara\u0107 si\u0119 o ponowne przyj\u0119cie do\u00a0Stowarzyszenia &#8230; <a title=\"Regulamin op\u0142acania sk\u0142adek cz\u0142onkowskich\" class=\"read-more\" href=\"https:\/\/spzpitpw.pl\/index.php\/regulamin-oplacania-skladek\" aria-label=\"Read more about Regulamin op\u0142acania sk\u0142adek cz\u0142onkowskich\">Dowiedz si\u0119 wi\u0119cej<\/a><\/p>\n","protected":false},"author":1,"featured_media":0,"parent":0,"menu_order":1,"comment_status":"closed","ping_status":"closed","template":"","meta":{"footnotes":""},"class_list":["post-83","page","type-page","status-publish"],"_links":{"self":[{"href":"https:\/\/spzpitpw.pl\/index.php\/wp-json\/wp\/v2\/pages\/83","targetHints":{"allow":["GET"]}}],"collection":[{"href":"https:\/\/spzpitpw.pl\/index.php\/wp-json\/wp\/v2\/pages"}],"about":[{"href":"https:\/\/spzpitpw.pl\/index.php\/wp-json\/wp\/v2\/types\/page"}],"author":[{"embeddable":true,"href":"https:\/\/spzpitpw.pl\/index.php\/wp-json\/wp\/v2\/users\/1"}],"replies":[{"embeddable":true,"href":"https:\/\/spzpitpw.pl\/index.php\/wp-json\/wp\/v2\/comments?post=83"}],"version-history":[{"count":1,"href":"https:\/\/spzpitpw.pl\/index.php\/wp-json\/wp\/v2\/pages\/83\/revisions"}],"predecessor-version":[{"id":84,"href":"https:\/\/spzpitpw.pl\/index.php\/wp-json\/wp\/v2\/pages\/83\/revisions\/84"}],"wp:attachment":[{"href":"https:\/\/spzpitpw.pl\/index.php\/wp-json\/wp\/v2\/media?parent=83"}],"curies":[{"name":"wp","href":"https:\/\/api.w.org\/{rel}","templated":true}]}}